{"id":10136,"date":"2019-11-19T21:31:39","date_gmt":"2019-11-19T20:31:39","guid":{"rendered":"https:\/\/centrumpodlog.com\/sklep\/?post_type=product&#038;p=10136"},"modified":"2019-12-09T20:33:05","modified_gmt":"2019-12-09T19:33:05","slug":"woolland-oak-grey","status":"publish","type":"product","link":"https:\/\/centrumpodlog.com\/sklep\/produkt\/woolland-oak-grey\/","title":{"rendered":"Woolland Oak GREY"},"content":{"rendered":"<p style=\"text-align: justify;\"><span id=\"long-text\" style=\"display: inline;\">Topaz 70 to ekonomiczna wyk\u0142adzina winylowa najwy\u017cszej jako\u015bci. Obejmuje dopasowan\u0105 kolekcj\u0119 ciep\u0142ych i ponadczasowych wzor\u00f3w drewna i mineralnych, kt\u00f3re zaprojektowano, aby umo\u017cliwi\u0107 tworzenie komfortowych i relaksuj\u0105cych wn\u0119trz. Idealnie nadaje si\u0119 do intensywnie u\u017cytkowanych pomieszcze\u0144, a przy tym zapewnia redukcj\u0119 d\u017awi\u0119k\u00f3w o 13 dB i wygod\u0119 chodzenia. <\/span><\/p>\n<p style=\"text-align: justify;\"><span id=\"long-text\" style=\"display: inline;\">Topaz 70 poprawia percepcj\u0119 wzrokow\u0105 i dobre samopoczucie mieszka\u0144c\u00f3w w starszym wieku, poniewa\u017c ponad 50% z dost\u0119pnych wzor\u00f3w ma warto\u015b\u0107 LRV (wsp\u00f3\u0142czynnik odbicia \u015bwiat\u0142a) od 20 do 40%. Do zabezpieczenia powierzchni stosujemy nasz\u0105 pow\u0142ok\u0119 Top Clean XP. Dzi\u0119ki niej wyk\u0142adzina zyskuje niezwyk\u0142\u0105 trwa\u0142o\u015b\u0107, a jej czyszczenie jest \u0142atwe i niedrogie.<\/span><\/p>\n<a href=\"https:\/\/centrumpodlog.com\/sklep\/kontakt\/\" id=\"kadbtn4753\" target=\"_self\" class=\"btn button btn-shortcode   \" style=\"background-color:#FF0000; border: 0 solid; border-color:#000;  color:#FFF;\" onMouseOver=\"this.style.color=&#039;#FFF&#039;\" onMouseOut=\"this.style.color=&#039;#FFF&#039;\">ZAPYTAJ O DOST\u0118PNE FORMATY <\/a>\n<a href=\"https:\/\/centrumpodlog.com\/sklep\/kontakt\/\" id=\"kadbtn4969\" target=\"_self\" class=\"btn button btn-shortcode   \" style=\"background-color:#FF0000; border: 0 solid; border-color:#000;  color:#FFF;\" onMouseOver=\"this.style.color=&#039;#FFF&#039;\" onMouseOut=\"this.style.color=&#039;#FFF&#039;\">ZAPYTAJ O DANE TECHNICZNE <\/a>\n","protected":false},"excerpt":{"rendered":"<div class=\"information__characteristics__key-features\" data-v-4a4cabba=\"\">\n<h4 class=\"information__characteristics__key-features__title\"><strong>Kluczowe cechy<\/strong><\/h4>\n<div class=\"information__characteristics__key-features__list\" data-v-4a4cabba=\"\">\n<ul>\n<li>Dobre w\u0142a\u015bciwo\u015bci i atrakcyjna cena<\/li>\n<li>Redukcja d\u017awi\u0119k\u00f3w o 13 dB<\/li>\n<li>Wsp\u00f3\u0142czynnik odbicia \u015bwiat\u0142a od 20 do 40%.<\/li>\n<li>Idealna do pomieszcze\u0144 o du\u017cym nat\u0119\u017ceniu ruchu<\/li>\n<li>Niskie koszty piel\u0119gnacji<\/li>\n<\/ul>\n<\/div>\n<\/div>\n<p><span id=\"long-text\" style=\"display: inline;\">\u00a0<\/span>&hellip; <a class=\"kt-excerpt-readmore more-link\" href=\"https:\/\/centrumpodlog.com\/sklep\/produkt\/woolland-oak-grey\/\" aria-label=\"Woolland Oak GREY\">Czytaj wi\u0119cej<\/a><\/p>\n","protected":false},"featured_media":10137,"template":"","meta":{"kt_blocks_editor_width":"","_kad_blocks_custom_css":"","_kad_blocks_head_custom_js":"","_kad_blocks_body_custom_js":"","_kad_blocks_footer_custom_js":""},"product_brand":[],"product_cat":[20,43,77],"product_tag":[],"class_list":{"0":"post-10136","1":"product","2":"type-product","3":"status-publish","4":"has-post-thumbnail","6":"product_cat-wykladziny","7":"product_cat-wykladziny-heterogeniczne","8":"product_cat-topaz-70-tarkett","10":"first","11":"instock","12":"shipping-taxable","13":"product-type-external"},"yoast_head":"<!-- This site is optimized with the Yoast SEO plugin v26.8 - https:\/\/yoast.com\/product\/yoast-seo-wordpress\/ -->\n<title>Woolland Oak GREY - Centrum Sprzeda\u017cy Wyk\u0142adzin Przemys\u0142owych<\/title>\n<meta name=\"robots\" content=\"index, follow, max-snippet:-1, max-image-preview:large, max-video-preview:-1\" \/>\n<link rel=\"canonical\" href=\"https:\/\/centrumpodlog.com\/sklep\/produkt\/woolland-oak-grey\/\" \/>\n<meta property=\"og:locale\" content=\"pl_PL\" \/>\n<meta property=\"og:type\" content=\"article\" \/>\n<meta property=\"og:title\" content=\"Woolland Oak GREY - Centrum Sprzeda\u017cy Wyk\u0142adzin Przemys\u0142owych\" \/>\n<meta property=\"og:description\" content=\"Kluczowe cechy    Dobre w\u0142a\u015bciwo\u015bci i atrakcyjna cena  Redukcja d\u017awi\u0119k\u00f3w o 13 dB  Wsp\u00f3\u0142czynnik odbicia \u015bwiat\u0142a od 20 do 40%.  Idealna do pomieszcze\u0144 o du\u017cym nat\u0119\u017ceniu ruchu  Niskie koszty piel\u0119gnacji    \u00a0&hellip; Czytaj wi\u0119cej\" \/>\n<meta property=\"og:url\" content=\"https:\/\/centrumpodlog.com\/sklep\/produkt\/woolland-oak-grey\/\" \/>\n<meta property=\"og:site_name\" content=\"Centrum Sprzeda\u017cy Wyk\u0142adzin Przemys\u0142owych\" \/>\n<meta property=\"article:modified_time\" content=\"2019-12-09T19:33:05+00:00\" \/>\n<meta property=\"og:image\" content=\"https:\/\/centrumpodlog.com\/sklep\/wp-content\/uploads\/2019\/11\/Woolland-Oak-GREY.jpg\" \/>\n\t<meta property=\"og:image:width\" content=\"960\" \/>\n\t<meta property=\"og:image:height\" content=\"960\" \/>\n\t<meta property=\"og:image:type\" content=\"image\/jpeg\" \/>\n<meta name=\"twitter:card\" content=\"summary_large_image\" \/>\n<meta name=\"twitter:label1\" content=\"Szacowany czas czytania\" \/>\n\t<meta name=\"twitter:data1\" content=\"1 minuta\" \/>\n<script type=\"application\/ld+json\" class=\"yoast-schema-graph\">{\"@context\":\"https:\/\/schema.org\",\"@graph\":[{\"@type\":\"WebPage\",\"@id\":\"https:\/\/centrumpodlog.com\/sklep\/produkt\/woolland-oak-grey\/\",\"url\":\"https:\/\/centrumpodlog.com\/sklep\/produkt\/woolland-oak-grey\/\",\"name\":\"Woolland Oak GREY - Centrum Sprzeda\u017cy Wyk\u0142adzin Przemys\u0142owych\",\"isPartOf\":{\"@id\":\"https:\/\/centrumpodlog.com\/sklep\/#website\"},\"primaryImageOfPage\":{\"@id\":\"https:\/\/centrumpodlog.com\/sklep\/produkt\/woolland-oak-grey\/#primaryimage\"},\"image\":{\"@id\":\"https:\/\/centrumpodlog.com\/sklep\/produkt\/woolland-oak-grey\/#primaryimage\"},\"thumbnailUrl\":\"https:\/\/centrumpodlog.com\/sklep\/wp-content\/uploads\/2019\/11\/Woolland-Oak-GREY.jpg\",\"datePublished\":\"2019-11-19T20:31:39+00:00\",\"dateModified\":\"2019-12-09T19:33:05+00:00\",\"breadcrumb\":{\"@id\":\"https:\/\/centrumpodlog.com\/sklep\/produkt\/woolland-oak-grey\/#breadcrumb\"},\"inLanguage\":\"pl-PL\",\"potentialAction\":[{\"@type\":\"ReadAction\",\"target\":[\"https:\/\/centrumpodlog.com\/sklep\/produkt\/woolland-oak-grey\/\"]}]},{\"@type\":\"ImageObject\",\"inLanguage\":\"pl-PL\",\"@id\":\"https:\/\/centrumpodlog.com\/sklep\/produkt\/woolland-oak-grey\/#primaryimage\",\"url\":\"https:\/\/centrumpodlog.com\/sklep\/wp-content\/uploads\/2019\/11\/Woolland-Oak-GREY.jpg\",\"contentUrl\":\"https:\/\/centrumpodlog.com\/sklep\/wp-content\/uploads\/2019\/11\/Woolland-Oak-GREY.jpg\",\"width\":960,\"height\":960,\"caption\":\"Woolland Oak GREY\"},{\"@type\":\"BreadcrumbList\",\"@id\":\"https:\/\/centrumpodlog.com\/sklep\/produkt\/woolland-oak-grey\/#breadcrumb\",\"itemListElement\":[{\"@type\":\"ListItem\",\"position\":1,\"name\":\"Strona g\u0142\u00f3wna\",\"item\":\"https:\/\/centrumpodlog.com\/sklep\/\"},{\"@type\":\"ListItem\",\"position\":2,\"name\":\"Produkty\",\"item\":\"https:\/\/centrumpodlog.com\/sklep\/shop\/\"},{\"@type\":\"ListItem\",\"position\":3,\"name\":\"Woolland Oak GREY\"}]},{\"@type\":\"WebSite\",\"@id\":\"https:\/\/centrumpodlog.com\/sklep\/#website\",\"url\":\"https:\/\/centrumpodlog.com\/sklep\/\",\"name\":\"Centrum Sprzeda\u017cy Wyk\u0142adzin Przemys\u0142owych\",\"description\":\"Sklep internetowy Centrum Sprzeda\u017cy Wyk\u0142adzin Przemys\u0142owych\",\"publisher\":{\"@id\":\"https:\/\/centrumpodlog.com\/sklep\/#organization\"},\"potentialAction\":[{\"@type\":\"SearchAction\",\"target\":{\"@type\":\"EntryPoint\",\"urlTemplate\":\"https:\/\/centrumpodlog.com\/sklep\/?s={search_term_string}\"},\"query-input\":{\"@type\":\"PropertyValueSpecification\",\"valueRequired\":true,\"valueName\":\"search_term_string\"}}],\"inLanguage\":\"pl-PL\"},{\"@type\":\"Organization\",\"@id\":\"https:\/\/centrumpodlog.com\/sklep\/#organization\",\"name\":\"Centrum Sprzeda\u017cy Wyk\u0142adzin Przemys\u0142owych\",\"url\":\"https:\/\/centrumpodlog.com\/sklep\/\",\"logo\":{\"@type\":\"ImageObject\",\"inLanguage\":\"pl-PL\",\"@id\":\"https:\/\/centrumpodlog.com\/sklep\/#\/schema\/logo\/image\/\",\"url\":\"https:\/\/centrumpodlog.com\/sklep\/wp-content\/uploads\/2019\/06\/logo.jpg\",\"contentUrl\":\"https:\/\/centrumpodlog.com\/sklep\/wp-content\/uploads\/2019\/06\/logo.jpg\",\"width\":169,\"height\":99,\"caption\":\"Centrum Sprzeda\u017cy Wyk\u0142adzin Przemys\u0142owych\"},\"image\":{\"@id\":\"https:\/\/centrumpodlog.com\/sklep\/#\/schema\/logo\/image\/\"}}]}<\/script>\n<!-- \/ Yoast SEO plugin. -->","yoast_head_json":{"title":"Woolland Oak GREY - Centrum Sprzeda\u017cy Wyk\u0142adzin Przemys\u0142owych","robots":{"index":"index","follow":"follow","max-snippet":"max-snippet:-1","max-image-preview":"max-image-preview:large","max-video-preview":"max-video-preview:-1"},"canonical":"https:\/\/centrumpodlog.com\/sklep\/produkt\/woolland-oak-grey\/","og_locale":"pl_PL","og_type":"article","og_title":"Woolland Oak GREY - Centrum Sprzeda\u017cy Wyk\u0142adzin Przemys\u0142owych","og_description":"Kluczowe cechy    Dobre w\u0142a\u015bciwo\u015bci i atrakcyjna cena  Redukcja d\u017awi\u0119k\u00f3w o 13 dB  Wsp\u00f3\u0142czynnik odbicia \u015bwiat\u0142a od 20 do 40%.  Idealna do pomieszcze\u0144 o du\u017cym nat\u0119\u017ceniu ruchu  Niskie koszty piel\u0119gnacji    \u00a0&hellip; Czytaj wi\u0119cej","og_url":"https:\/\/centrumpodlog.com\/sklep\/produkt\/woolland-oak-grey\/","og_site_name":"Centrum Sprzeda\u017cy Wyk\u0142adzin Przemys\u0142owych","article_modified_time":"2019-12-09T19:33:05+00:00","og_image":[{"width":960,"height":960,"url":"https:\/\/centrumpodlog.com\/sklep\/wp-content\/uploads\/2019\/11\/Woolland-Oak-GREY.jpg","type":"image\/jpeg"}],"twitter_card":"summary_large_image","twitter_misc":{"Szacowany czas czytania":"1 minuta"},"schema":{"@context":"https:\/\/schema.org","@graph":[{"@type":"WebPage","@id":"https:\/\/centrumpodlog.com\/sklep\/produkt\/woolland-oak-grey\/","url":"https:\/\/centrumpodlog.com\/sklep\/produkt\/woolland-oak-grey\/","name":"Woolland Oak GREY - Centrum Sprzeda\u017cy Wyk\u0142adzin Przemys\u0142owych","isPartOf":{"@id":"https:\/\/centrumpodlog.com\/sklep\/#website"},"primaryImageOfPage":{"@id":"https:\/\/centrumpodlog.com\/sklep\/produkt\/woolland-oak-grey\/#primaryimage"},"image":{"@id":"https:\/\/centrumpodlog.com\/sklep\/produkt\/woolland-oak-grey\/#primaryimage"},"thumbnailUrl":"https:\/\/centrumpodlog.com\/sklep\/wp-content\/uploads\/2019\/11\/Woolland-Oak-GREY.jpg","datePublished":"2019-11-19T20:31:39+00:00","dateModified":"2019-12-09T19:33:05+00:00","breadcrumb":{"@id":"https:\/\/centrumpodlog.com\/sklep\/produkt\/woolland-oak-grey\/#breadcrumb"},"inLanguage":"pl-PL","potentialAction":[{"@type":"ReadAction","target":["https:\/\/centrumpodlog.com\/sklep\/produkt\/woolland-oak-grey\/"]}]},{"@type":"ImageObject","inLanguage":"pl-PL","@id":"https:\/\/centrumpodlog.com\/sklep\/produkt\/woolland-oak-grey\/#primaryimage","url":"https:\/\/centrumpodlog.com\/sklep\/wp-content\/uploads\/2019\/11\/Woolland-Oak-GREY.jpg","contentUrl":"https:\/\/centrumpodlog.com\/sklep\/wp-content\/uploads\/2019\/11\/Woolland-Oak-GREY.jpg","width":960,"height":960,"caption":"Woolland Oak GREY"},{"@type":"BreadcrumbList","@id":"https:\/\/centrumpodlog.com\/sklep\/produkt\/woolland-oak-grey\/#breadcrumb","itemListElement":[{"@type":"ListItem","position":1,"name":"Strona g\u0142\u00f3wna","item":"https:\/\/centrumpodlog.com\/sklep\/"},{"@type":"ListItem","position":2,"name":"Produkty","item":"https:\/\/centrumpodlog.com\/sklep\/shop\/"},{"@type":"ListItem","position":3,"name":"Woolland Oak GREY"}]},{"@type":"WebSite","@id":"https:\/\/centrumpodlog.com\/sklep\/#website","url":"https:\/\/centrumpodlog.com\/sklep\/","name":"Centrum Sprzeda\u017cy Wyk\u0142adzin Przemys\u0142owych","description":"Sklep internetowy Centrum Sprzeda\u017cy Wyk\u0142adzin Przemys\u0142owych","publisher":{"@id":"https:\/\/centrumpodlog.com\/sklep\/#organization"},"potentialAction":[{"@type":"SearchAction","target":{"@type":"EntryPoint","urlTemplate":"https:\/\/centrumpodlog.com\/sklep\/?s={search_term_string}"},"query-input":{"@type":"PropertyValueSpecification","valueRequired":true,"valueName":"search_term_string"}}],"inLanguage":"pl-PL"},{"@type":"Organization","@id":"https:\/\/centrumpodlog.com\/sklep\/#organization","name":"Centrum Sprzeda\u017cy Wyk\u0142adzin Przemys\u0142owych","url":"https:\/\/centrumpodlog.com\/sklep\/","logo":{"@type":"ImageObject","inLanguage":"pl-PL","@id":"https:\/\/centrumpodlog.com\/sklep\/#\/schema\/logo\/image\/","url":"https:\/\/centrumpodlog.com\/sklep\/wp-content\/uploads\/2019\/06\/logo.jpg","contentUrl":"https:\/\/centrumpodlog.com\/sklep\/wp-content\/uploads\/2019\/06\/logo.jpg","width":169,"height":99,"caption":"Centrum Sprzeda\u017cy Wyk\u0142adzin Przemys\u0142owych"},"image":{"@id":"https:\/\/centrumpodlog.com\/sklep\/#\/schema\/logo\/image\/"}}]}},"taxonomy_info":{"product_cat":[{"value":20,"label":"Wyk\u0142adziny"},{"value":43,"label":"Heterogeniczne"},{"value":77,"label":"Topaz 70"}]},"featured_image_src_large":["https:\/\/centrumpodlog.com\/sklep\/wp-content\/uploads\/2019\/11\/Woolland-Oak-GREY.jpg",960,960,false],"author_info":[],"comment_info":"","_links":{"self":[{"href":"https:\/\/centrumpodlog.com\/sklep\/wp-json\/wp\/v2\/product\/10136","targetHints":{"allow":["GET"]}}],"collection":[{"href":"https:\/\/centrumpodlog.com\/sklep\/wp-json\/wp\/v2\/product"}],"about":[{"href":"https:\/\/centrumpodlog.com\/sklep\/wp-json\/wp\/v2\/types\/product"}],"wp:featuredmedia":[{"embeddable":true,"href":"https:\/\/centrumpodlog.com\/sklep\/wp-json\/wp\/v2\/media\/10137"}],"wp:attachment":[{"href":"https:\/\/centrumpodlog.com\/sklep\/wp-json\/wp\/v2\/media?parent=10136"}],"wp:term":[{"taxonomy":"product_brand","embeddable":true,"href":"https:\/\/centrumpodlog.com\/sklep\/wp-json\/wp\/v2\/product_brand?post=10136"},{"taxonomy":"product_cat","embeddable":true,"href":"https:\/\/centrumpodlog.com\/sklep\/wp-json\/wp\/v2\/product_cat?post=10136"},{"taxonomy":"product_tag","embeddable":true,"href":"https:\/\/centrumpodlog.com\/sklep\/wp-json\/wp\/v2\/product_tag?post=10136"}],"curies":[{"name":"wp","href":"https:\/\/api.w.org\/{rel}","templated":true}]}}