{"id":35,"date":"2015-04-28T18:48:27","date_gmt":"2015-04-28T16:48:27","guid":{"rendered":"https:\/\/centrumpodlog.com\/sklep\/produkt\/tarkett-optima-iq\/"},"modified":"2019-11-09T15:00:56","modified_gmt":"2019-11-09T14:00:56","slug":"tarkett-optima-iq-63","status":"publish","type":"product","link":"https:\/\/centrumpodlog.com\/sklep\/produkt\/tarkett-optima-iq-63\/","title":{"rendered":"Tarkett  Optima iQ 821"},"content":{"rendered":"<p style=\"text-align: justify;\"><strong>Oferta wielorakich rozwi\u0105za\u0144, kt&oacute;ra stanowi odpowied\u017a na potrzeby r&oacute;\u017cnych poziom&oacute;w projektowego.<\/strong><\/p>\n<p style=\"text-align: justify;\">Wyj\u0105tkowa wydajno\u015b\u0107 oraz szeroka gama kolor&oacute;w, format&oacute;w i akcesori&oacute;w sprawiaj\u0105, \u017ce iQ Optima stanowi w\u0142a\u015bciw\u0105 odpowied\u017a na r&oacute;\u017cnorodne potrzeby projektant&oacute;w. Dla pojedynczego obszaru lub ca\u0142ego dobranego projektowania, iQ Optima sprawdza si\u0119 doskonale w roli produktu funkcjonalnego i tworz\u0105cego niezwyk\u0142\u0105 atmosfer\u0119 wn\u0119trza. Pocz\u0105wszy od pomieszcze\u0144 s\u0142u\u017cby zdrowia, przez hotele szko\u0142y i biura, stanowi odpowied\u017a na potrzeby pomieszcze\u0144 mokrych i sypialni. Odnowiona oferta iQ wynosi wyk\u0142adziny homogeniczne na zupe\u0142nie nowy poziom potencja\u0142u projektowego. iQ Optima to kolory i wzory dopasowane do ka\u017cdego projektu, dzi\u0119ki szerokiej gamie kolor&oacute;w przechodz\u0105cych od naturalnych barw przez szaro\u015bci, do kolor&oacute;w \u017cywych i jasnych oraz imituj\u0105cych drewno. Dzi\u0119ki temu zapewnia komfort u\u017cytkownikom pomieszcze\u0144. Z tak du\u017cym wyborem mo\u017cliwe jest stworzenie powierzchni, kt&oacute;ra przechodzi z jednego pomieszczenia do drugiego, zmieniaj\u0105c jego aur\u0119 i funkcj\u0119. Przedstawiamy r&oacute;wnie\u017c specjaln\u0105 kolekcj\u0119 Essence &#8211; wyk\u0142adzin\u0119 o strukturze synchronicznej, z fazowanymi kraw\u0119dziami, dost\u0119pn\u0105 w p\u0142ytkach lub rolkach.<\/p>\n<ul style=\"text-align: justify;\">\n<li>Niewzyk\u0142a oferta 64 ponadczasowych kolor&oacute;w<\/li>\n<li>Nowa kolekcjaEssence collection z fazowanymi kraw\u0119dziami i w nowym formacie<\/li>\n<li>iQ Unique samoregenerujaca si\u0119 powierzchnia<\/li>\n<li>Najlepsze koszty \u017cycia produktu na rynku<\/li>\n<li>Emisja VOC na poziomie poni\u017cej wykrywalno\u015bci, brak ftalanu<\/li>\n<li>W 100% mo\u017cna j\u0105 podda\u0107 recyklingowi.<\/li>\n<\/ul>\n","protected":false},"excerpt":{"rendered":"<p>Wyj\u0105tkowa wydajno\u015b\u0107 oraz szeroka gama kolor&oacute;w, format&oacute;w i akcesori&oacute;w sprawiaj\u0105, \u017ce iQ Optima stanowi w\u0142a\u015bciw\u0105 odpowied\u017a na r&oacute;\u017cnorodne potrzeby projektant&oacute;w.<\/p>\n<p>&hellip; <a class=\"kt-excerpt-readmore more-link\" href=\"https:\/\/centrumpodlog.com\/sklep\/produkt\/tarkett-optima-iq-63\/\" aria-label=\"Tarkett  Optima iQ 821\">Czytaj wi\u0119cej<\/a><\/p>\n","protected":false},"featured_media":25,"template":"","meta":{"kt_blocks_editor_width":"","_kad_blocks_custom_css":"","_kad_blocks_head_custom_js":"","_kad_blocks_body_custom_js":"","_kad_blocks_footer_custom_js":""},"product_brand":[],"product_cat":[20,37,78],"product_tag":[],"class_list":{"0":"post-35","1":"product","2":"type-product","3":"status-publish","4":"has-post-thumbnail","6":"product_cat-wykladziny","7":"product_cat-wykladziny-homogeniczne","8":"product_cat-iq-optima","10":"first","11":"outofstock","12":"shipping-taxable","13":"product-type-simple"},"yoast_head":"<!-- This site is optimized with the Yoast SEO plugin v26.8 - https:\/\/yoast.com\/product\/yoast-seo-wordpress\/ -->\n<title>Tarkett Optima iQ 821 - Centrum Sprzeda\u017cy Wyk\u0142adzin Przemys\u0142owych<\/title>\n<meta name=\"robots\" content=\"index, follow, max-snippet:-1, max-image-preview:large, max-video-preview:-1\" \/>\n<link rel=\"canonical\" href=\"https:\/\/centrumpodlog.com\/sklep\/produkt\/tarkett-optima-iq-63\/\" \/>\n<meta property=\"og:locale\" content=\"pl_PL\" \/>\n<meta property=\"og:type\" content=\"article\" \/>\n<meta property=\"og:title\" content=\"Tarkett Optima iQ 821 - Centrum Sprzeda\u017cy Wyk\u0142adzin Przemys\u0142owych\" \/>\n<meta property=\"og:description\" content=\"Wyj\u0105tkowa wydajno\u015b\u0107 oraz szeroka gama kolor&oacute;w, format&oacute;w i akcesori&oacute;w sprawiaj\u0105, \u017ce iQ Optima stanowi w\u0142a\u015bciw\u0105 odpowied\u017a na r&oacute;\u017cnorodne potrzeby projektant&oacute;w.&hellip; Czytaj wi\u0119cej\" \/>\n<meta property=\"og:url\" content=\"https:\/\/centrumpodlog.com\/sklep\/produkt\/tarkett-optima-iq-63\/\" \/>\n<meta property=\"og:site_name\" content=\"Centrum Sprzeda\u017cy Wyk\u0142adzin Przemys\u0142owych\" \/>\n<meta property=\"article:modified_time\" content=\"2019-11-09T14:00:56+00:00\" \/>\n<meta property=\"og:image\" content=\"https:\/\/centrumpodlog.com\/sklep\/wp-content\/uploads\/2015\/04\/th_3217821_3242821_3076821_01.jpg\" \/>\n\t<meta property=\"og:image:width\" content=\"609\" \/>\n\t<meta property=\"og:image:height\" content=\"425\" \/>\n\t<meta property=\"og:image:type\" content=\"image\/jpeg\" \/>\n<meta name=\"twitter:card\" content=\"summary_large_image\" \/>\n<meta name=\"twitter:label1\" content=\"Szacowany czas czytania\" \/>\n\t<meta name=\"twitter:data1\" content=\"1 minuta\" \/>\n<script type=\"application\/ld+json\" class=\"yoast-schema-graph\">{\"@context\":\"https:\/\/schema.org\",\"@graph\":[{\"@type\":\"WebPage\",\"@id\":\"https:\/\/centrumpodlog.com\/sklep\/produkt\/tarkett-optima-iq-63\/\",\"url\":\"https:\/\/centrumpodlog.com\/sklep\/produkt\/tarkett-optima-iq-63\/\",\"name\":\"Tarkett Optima iQ 821 - Centrum Sprzeda\u017cy Wyk\u0142adzin Przemys\u0142owych\",\"isPartOf\":{\"@id\":\"https:\/\/centrumpodlog.com\/sklep\/#website\"},\"primaryImageOfPage\":{\"@id\":\"https:\/\/centrumpodlog.com\/sklep\/produkt\/tarkett-optima-iq-63\/#primaryimage\"},\"image\":{\"@id\":\"https:\/\/centrumpodlog.com\/sklep\/produkt\/tarkett-optima-iq-63\/#primaryimage\"},\"thumbnailUrl\":\"https:\/\/centrumpodlog.com\/sklep\/wp-content\/uploads\/2015\/04\/th_3217821_3242821_3076821_01.jpg\",\"datePublished\":\"2015-04-28T16:48:27+00:00\",\"dateModified\":\"2019-11-09T14:00:56+00:00\",\"breadcrumb\":{\"@id\":\"https:\/\/centrumpodlog.com\/sklep\/produkt\/tarkett-optima-iq-63\/#breadcrumb\"},\"inLanguage\":\"pl-PL\",\"potentialAction\":[{\"@type\":\"ReadAction\",\"target\":[\"https:\/\/centrumpodlog.com\/sklep\/produkt\/tarkett-optima-iq-63\/\"]}]},{\"@type\":\"ImageObject\",\"inLanguage\":\"pl-PL\",\"@id\":\"https:\/\/centrumpodlog.com\/sklep\/produkt\/tarkett-optima-iq-63\/#primaryimage\",\"url\":\"https:\/\/centrumpodlog.com\/sklep\/wp-content\/uploads\/2015\/04\/th_3217821_3242821_3076821_01.jpg\",\"contentUrl\":\"https:\/\/centrumpodlog.com\/sklep\/wp-content\/uploads\/2015\/04\/th_3217821_3242821_3076821_01.jpg\",\"width\":609,\"height\":425,\"caption\":\"Tarkett Optima iQ 821 -0\"},{\"@type\":\"BreadcrumbList\",\"@id\":\"https:\/\/centrumpodlog.com\/sklep\/produkt\/tarkett-optima-iq-63\/#breadcrumb\",\"itemListElement\":[{\"@type\":\"ListItem\",\"position\":1,\"name\":\"Strona g\u0142\u00f3wna\",\"item\":\"https:\/\/centrumpodlog.com\/sklep\/\"},{\"@type\":\"ListItem\",\"position\":2,\"name\":\"Produkty\",\"item\":\"https:\/\/centrumpodlog.com\/sklep\/shop\/\"},{\"@type\":\"ListItem\",\"position\":3,\"name\":\"Tarkett Optima iQ 821\"}]},{\"@type\":\"WebSite\",\"@id\":\"https:\/\/centrumpodlog.com\/sklep\/#website\",\"url\":\"https:\/\/centrumpodlog.com\/sklep\/\",\"name\":\"Centrum Sprzeda\u017cy Wyk\u0142adzin Przemys\u0142owych\",\"description\":\"Sklep internetowy Centrum Sprzeda\u017cy Wyk\u0142adzin Przemys\u0142owych\",\"publisher\":{\"@id\":\"https:\/\/centrumpodlog.com\/sklep\/#organization\"},\"potentialAction\":[{\"@type\":\"SearchAction\",\"target\":{\"@type\":\"EntryPoint\",\"urlTemplate\":\"https:\/\/centrumpodlog.com\/sklep\/?s={search_term_string}\"},\"query-input\":{\"@type\":\"PropertyValueSpecification\",\"valueRequired\":true,\"valueName\":\"search_term_string\"}}],\"inLanguage\":\"pl-PL\"},{\"@type\":\"Organization\",\"@id\":\"https:\/\/centrumpodlog.com\/sklep\/#organization\",\"name\":\"Centrum Sprzeda\u017cy Wyk\u0142adzin Przemys\u0142owych\",\"url\":\"https:\/\/centrumpodlog.com\/sklep\/\",\"logo\":{\"@type\":\"ImageObject\",\"inLanguage\":\"pl-PL\",\"@id\":\"https:\/\/centrumpodlog.com\/sklep\/#\/schema\/logo\/image\/\",\"url\":\"https:\/\/centrumpodlog.com\/sklep\/wp-content\/uploads\/2019\/06\/logo.jpg\",\"contentUrl\":\"https:\/\/centrumpodlog.com\/sklep\/wp-content\/uploads\/2019\/06\/logo.jpg\",\"width\":169,\"height\":99,\"caption\":\"Centrum Sprzeda\u017cy Wyk\u0142adzin Przemys\u0142owych\"},\"image\":{\"@id\":\"https:\/\/centrumpodlog.com\/sklep\/#\/schema\/logo\/image\/\"}}]}<\/script>\n<!-- \/ Yoast SEO plugin. -->","yoast_head_json":{"title":"Tarkett Optima iQ 821 - Centrum Sprzeda\u017cy Wyk\u0142adzin Przemys\u0142owych","robots":{"index":"index","follow":"follow","max-snippet":"max-snippet:-1","max-image-preview":"max-image-preview:large","max-video-preview":"max-video-preview:-1"},"canonical":"https:\/\/centrumpodlog.com\/sklep\/produkt\/tarkett-optima-iq-63\/","og_locale":"pl_PL","og_type":"article","og_title":"Tarkett Optima iQ 821 - Centrum Sprzeda\u017cy Wyk\u0142adzin Przemys\u0142owych","og_description":"Wyj\u0105tkowa wydajno\u015b\u0107 oraz szeroka gama kolor&oacute;w, format&oacute;w i akcesori&oacute;w sprawiaj\u0105, \u017ce iQ Optima stanowi w\u0142a\u015bciw\u0105 odpowied\u017a na r&oacute;\u017cnorodne potrzeby projektant&oacute;w.&hellip; Czytaj wi\u0119cej","og_url":"https:\/\/centrumpodlog.com\/sklep\/produkt\/tarkett-optima-iq-63\/","og_site_name":"Centrum Sprzeda\u017cy Wyk\u0142adzin Przemys\u0142owych","article_modified_time":"2019-11-09T14:00:56+00:00","og_image":[{"width":609,"height":425,"url":"https:\/\/centrumpodlog.com\/sklep\/wp-content\/uploads\/2015\/04\/th_3217821_3242821_3076821_01.jpg","type":"image\/jpeg"}],"twitter_card":"summary_large_image","twitter_misc":{"Szacowany czas czytania":"1 minuta"},"schema":{"@context":"https:\/\/schema.org","@graph":[{"@type":"WebPage","@id":"https:\/\/centrumpodlog.com\/sklep\/produkt\/tarkett-optima-iq-63\/","url":"https:\/\/centrumpodlog.com\/sklep\/produkt\/tarkett-optima-iq-63\/","name":"Tarkett Optima iQ 821 - Centrum Sprzeda\u017cy Wyk\u0142adzin Przemys\u0142owych","isPartOf":{"@id":"https:\/\/centrumpodlog.com\/sklep\/#website"},"primaryImageOfPage":{"@id":"https:\/\/centrumpodlog.com\/sklep\/produkt\/tarkett-optima-iq-63\/#primaryimage"},"image":{"@id":"https:\/\/centrumpodlog.com\/sklep\/produkt\/tarkett-optima-iq-63\/#primaryimage"},"thumbnailUrl":"https:\/\/centrumpodlog.com\/sklep\/wp-content\/uploads\/2015\/04\/th_3217821_3242821_3076821_01.jpg","datePublished":"2015-04-28T16:48:27+00:00","dateModified":"2019-11-09T14:00:56+00:00","breadcrumb":{"@id":"https:\/\/centrumpodlog.com\/sklep\/produkt\/tarkett-optima-iq-63\/#breadcrumb"},"inLanguage":"pl-PL","potentialAction":[{"@type":"ReadAction","target":["https:\/\/centrumpodlog.com\/sklep\/produkt\/tarkett-optima-iq-63\/"]}]},{"@type":"ImageObject","inLanguage":"pl-PL","@id":"https:\/\/centrumpodlog.com\/sklep\/produkt\/tarkett-optima-iq-63\/#primaryimage","url":"https:\/\/centrumpodlog.com\/sklep\/wp-content\/uploads\/2015\/04\/th_3217821_3242821_3076821_01.jpg","contentUrl":"https:\/\/centrumpodlog.com\/sklep\/wp-content\/uploads\/2015\/04\/th_3217821_3242821_3076821_01.jpg","width":609,"height":425,"caption":"Tarkett Optima iQ 821 -0"},{"@type":"BreadcrumbList","@id":"https:\/\/centrumpodlog.com\/sklep\/produkt\/tarkett-optima-iq-63\/#breadcrumb","itemListElement":[{"@type":"ListItem","position":1,"name":"Strona g\u0142\u00f3wna","item":"https:\/\/centrumpodlog.com\/sklep\/"},{"@type":"ListItem","position":2,"name":"Produkty","item":"https:\/\/centrumpodlog.com\/sklep\/shop\/"},{"@type":"ListItem","position":3,"name":"Tarkett Optima iQ 821"}]},{"@type":"WebSite","@id":"https:\/\/centrumpodlog.com\/sklep\/#website","url":"https:\/\/centrumpodlog.com\/sklep\/","name":"Centrum Sprzeda\u017cy Wyk\u0142adzin Przemys\u0142owych","description":"Sklep internetowy Centrum Sprzeda\u017cy Wyk\u0142adzin Przemys\u0142owych","publisher":{"@id":"https:\/\/centrumpodlog.com\/sklep\/#organization"},"potentialAction":[{"@type":"SearchAction","target":{"@type":"EntryPoint","urlTemplate":"https:\/\/centrumpodlog.com\/sklep\/?s={search_term_string}"},"query-input":{"@type":"PropertyValueSpecification","valueRequired":true,"valueName":"search_term_string"}}],"inLanguage":"pl-PL"},{"@type":"Organization","@id":"https:\/\/centrumpodlog.com\/sklep\/#organization","name":"Centrum Sprzeda\u017cy Wyk\u0142adzin Przemys\u0142owych","url":"https:\/\/centrumpodlog.com\/sklep\/","logo":{"@type":"ImageObject","inLanguage":"pl-PL","@id":"https:\/\/centrumpodlog.com\/sklep\/#\/schema\/logo\/image\/","url":"https:\/\/centrumpodlog.com\/sklep\/wp-content\/uploads\/2019\/06\/logo.jpg","contentUrl":"https:\/\/centrumpodlog.com\/sklep\/wp-content\/uploads\/2019\/06\/logo.jpg","width":169,"height":99,"caption":"Centrum Sprzeda\u017cy Wyk\u0142adzin Przemys\u0142owych"},"image":{"@id":"https:\/\/centrumpodlog.com\/sklep\/#\/schema\/logo\/image\/"}}]}},"taxonomy_info":{"product_cat":[{"value":20,"label":"Wyk\u0142adziny"},{"value":37,"label":"Homogeniczne"},{"value":78,"label":"IQ Optima"}]},"featured_image_src_large":["https:\/\/centrumpodlog.com\/sklep\/wp-content\/uploads\/2015\/04\/th_3217821_3242821_3076821_01.jpg",609,425,false],"author_info":[],"comment_info":"","_links":{"self":[{"href":"https:\/\/centrumpodlog.com\/sklep\/wp-json\/wp\/v2\/product\/35","targetHints":{"allow":["GET"]}}],"collection":[{"href":"https:\/\/centrumpodlog.com\/sklep\/wp-json\/wp\/v2\/product"}],"about":[{"href":"https:\/\/centrumpodlog.com\/sklep\/wp-json\/wp\/v2\/types\/product"}],"wp:featuredmedia":[{"embeddable":true,"href":"https:\/\/centrumpodlog.com\/sklep\/wp-json\/wp\/v2\/media\/25"}],"wp:attachment":[{"href":"https:\/\/centrumpodlog.com\/sklep\/wp-json\/wp\/v2\/media?parent=35"}],"wp:term":[{"taxonomy":"product_brand","embeddable":true,"href":"https:\/\/centrumpodlog.com\/sklep\/wp-json\/wp\/v2\/product_brand?post=35"},{"taxonomy":"product_cat","embeddable":true,"href":"https:\/\/centrumpodlog.com\/sklep\/wp-json\/wp\/v2\/product_cat?post=35"},{"taxonomy":"product_tag","embeddable":true,"href":"https:\/\/centrumpodlog.com\/sklep\/wp-json\/wp\/v2\/product_tag?post=35"}],"curies":[{"name":"wp","href":"https:\/\/api.w.org\/{rel}","templated":true}]}}