{"id":391,"date":"2015-05-15T19:56:18","date_gmt":"2015-05-15T17:56:18","guid":{"rendered":"https:\/\/centrumpodlog.com\/sklep\/produkt\/tarkett-natural-iq-170-12\/"},"modified":"2019-12-02T20:38:39","modified_gmt":"2019-12-02T19:38:39","slug":"tarkett-natural-iq-170-12","status":"publish","type":"product","link":"https:\/\/centrumpodlog.com\/sklep\/produkt\/tarkett-natural-iq-170-12\/","title":{"rendered":"Tarkett Optima Multisafe 820"},"content":{"rendered":"<p style=\"text-align: justify;\">Bezpiecze\u0144stwo jest zawsze wa\u017cn\u0105 kwesti\u0105 wsz\u0119dzie tam, gdzie ludzie sp\u0119dzaj\u0105 du\u017co czasu. W pomieszczeniach nara\u017conych na dzia\u0142anie wody bezpiecze\u0144stwo jest najwa\u017cniejsze zar&oacute;wno dla go\u015bci jak i pracownik&oacute;w danego obiektu.<\/p>\n<p style=\"text-align: justify;\">Optima Multisafe to specjalny rodzaj pod\u0142ogi dedykowanej do pomieszcze\u0144 nara\u017conych na dzia\u0142anie wody, zaprojektowana dla zwi\u0119kszenia bezpiecze\u0144stwa pod stopami. Konstrukcja pod\u0142ogi zapewnia dobr\u0105 przyczepno\u015b\u0107 stopy nawet je\u015bli pod\u0142oga mokra czy zosta\u0142y na niej slady wody z myd\u0142em. Optima Multisafe jest higieniczna i \u0142atwa do utrzymania w czysto\u015bci. Rekomendowana jest do pomieszcze\u0144 gdzie wej\u015bcie mozliwe jest tylko boso. <\/p>\n<p style=\"text-align: justify;\">Optima Multisafe jest skoordynowana kolorystycznie zAquarelle Wall HFS by zapewni\u0107 idealne bezpieczne wyko\u0144czenie wn\u0119trza. Produkt dost\u0119pny jest ze sznurem spawalniczym w wersji multicolor.&nbsp;<\/p>\n<ul style=\"text-align: justify;\">\n<li>Wodoodporna instalacja, idealna dla instalacji komercyjnych<\/li>\n<li>Wyj\u0105tkowe w\u0142a\u015bciwo\u015bci antypo\u015blizgowe<\/li>\n<li>Oferta kolorystyczna skoordynowana z Aquarelle Wall HFS<\/li>\n<li>Cze\u015b\u0107 oferty systemu Tarkett&#8217;s wetroom z dost\u0119pnymi niezb\u0119dnymi akcesoriami<\/li>\n<li>Higieniczna i \u0142atwa w czyszczeniu<\/li>\n<\/ul>\n","protected":false},"excerpt":{"rendered":"<p>Bezpiecze\u0144stwo jest zawsze wa\u017cn\u0105 kwesti\u0105 wsz\u0119dzie tam, gdzie ludzie sp\u0119dzaj\u0105 du\u017co czasu. W pomieszczeniach nara\u017conych na dzia\u0142anie wody bezpiecze\u0144stwo jest najwa\u017cniejsze zar&oacute;wno dla go\u015bci jak i pracownik&oacute;w danego obiektu.<\/p>\n<p>&hellip; <a class=\"kt-excerpt-readmore more-link\" href=\"https:\/\/centrumpodlog.com\/sklep\/produkt\/tarkett-natural-iq-170-12\/\" aria-label=\"Tarkett Optima Multisafe 820\">Czytaj wi\u0119cej<\/a><\/p>\n","protected":false},"featured_media":378,"template":"","meta":{"kt_blocks_editor_width":"","_kad_blocks_custom_css":"","_kad_blocks_head_custom_js":"","_kad_blocks_body_custom_js":"","_kad_blocks_footer_custom_js":""},"product_brand":[],"product_cat":[18,20,44,125],"product_tag":[],"class_list":{"0":"post-391","1":"product","2":"type-product","3":"status-publish","4":"has-post-thumbnail","6":"product_cat-produkt","7":"product_cat-wykladziny","8":"product_cat-antyposlizgowe","9":"product_cat-optima-multisafe","11":"first","12":"outofstock","13":"shipping-taxable","14":"product-type-simple"},"yoast_head":"<!-- This site is optimized with the Yoast SEO plugin v26.8 - https:\/\/yoast.com\/product\/yoast-seo-wordpress\/ -->\n<title>Tarkett Optima Multisafe 820 - Centrum Sprzeda\u017cy Wyk\u0142adzin Przemys\u0142owych<\/title>\n<meta name=\"robots\" content=\"index, follow, max-snippet:-1, max-image-preview:large, max-video-preview:-1\" \/>\n<link rel=\"canonical\" href=\"https:\/\/centrumpodlog.com\/sklep\/produkt\/tarkett-natural-iq-170-12\/\" \/>\n<meta property=\"og:locale\" content=\"pl_PL\" \/>\n<meta property=\"og:type\" content=\"article\" \/>\n<meta property=\"og:title\" content=\"Tarkett Optima Multisafe 820 - Centrum Sprzeda\u017cy Wyk\u0142adzin Przemys\u0142owych\" \/>\n<meta property=\"og:description\" content=\"Bezpiecze\u0144stwo jest zawsze wa\u017cn\u0105 kwesti\u0105 wsz\u0119dzie tam, gdzie ludzie sp\u0119dzaj\u0105 du\u017co czasu. W pomieszczeniach nara\u017conych na dzia\u0142anie wody bezpiecze\u0144stwo jest najwa\u017cniejsze zar&oacute;wno dla go\u015bci jak i pracownik&oacute;w danego obiektu.&hellip; Czytaj wi\u0119cej\" \/>\n<meta property=\"og:url\" content=\"https:\/\/centrumpodlog.com\/sklep\/produkt\/tarkett-natural-iq-170-12\/\" \/>\n<meta property=\"og:site_name\" content=\"Centrum Sprzeda\u017cy Wyk\u0142adzin Przemys\u0142owych\" \/>\n<meta property=\"article:modified_time\" content=\"2019-12-02T19:38:39+00:00\" \/>\n<meta property=\"og:image\" content=\"https:\/\/centrumpodlog.com\/sklep\/wp-content\/uploads\/2015\/05\/th_3240820_01_3.jpg\" \/>\n\t<meta property=\"og:image:width\" content=\"609\" \/>\n\t<meta property=\"og:image:height\" content=\"425\" \/>\n\t<meta property=\"og:image:type\" content=\"image\/jpeg\" \/>\n<meta name=\"twitter:card\" content=\"summary_large_image\" \/>\n<meta name=\"twitter:label1\" content=\"Szacowany czas czytania\" \/>\n\t<meta name=\"twitter:data1\" content=\"1 minuta\" \/>\n<script type=\"application\/ld+json\" class=\"yoast-schema-graph\">{\"@context\":\"https:\/\/schema.org\",\"@graph\":[{\"@type\":\"WebPage\",\"@id\":\"https:\/\/centrumpodlog.com\/sklep\/produkt\/tarkett-natural-iq-170-12\/\",\"url\":\"https:\/\/centrumpodlog.com\/sklep\/produkt\/tarkett-natural-iq-170-12\/\",\"name\":\"Tarkett Optima Multisafe 820 - Centrum Sprzeda\u017cy Wyk\u0142adzin Przemys\u0142owych\",\"isPartOf\":{\"@id\":\"https:\/\/centrumpodlog.com\/sklep\/#website\"},\"primaryImageOfPage\":{\"@id\":\"https:\/\/centrumpodlog.com\/sklep\/produkt\/tarkett-natural-iq-170-12\/#primaryimage\"},\"image\":{\"@id\":\"https:\/\/centrumpodlog.com\/sklep\/produkt\/tarkett-natural-iq-170-12\/#primaryimage\"},\"thumbnailUrl\":\"https:\/\/centrumpodlog.com\/sklep\/wp-content\/uploads\/2015\/05\/th_3240820_01_3.jpg\",\"datePublished\":\"2015-05-15T17:56:18+00:00\",\"dateModified\":\"2019-12-02T19:38:39+00:00\",\"breadcrumb\":{\"@id\":\"https:\/\/centrumpodlog.com\/sklep\/produkt\/tarkett-natural-iq-170-12\/#breadcrumb\"},\"inLanguage\":\"pl-PL\",\"potentialAction\":[{\"@type\":\"ReadAction\",\"target\":[\"https:\/\/centrumpodlog.com\/sklep\/produkt\/tarkett-natural-iq-170-12\/\"]}]},{\"@type\":\"ImageObject\",\"inLanguage\":\"pl-PL\",\"@id\":\"https:\/\/centrumpodlog.com\/sklep\/produkt\/tarkett-natural-iq-170-12\/#primaryimage\",\"url\":\"https:\/\/centrumpodlog.com\/sklep\/wp-content\/uploads\/2015\/05\/th_3240820_01_3.jpg\",\"contentUrl\":\"https:\/\/centrumpodlog.com\/sklep\/wp-content\/uploads\/2015\/05\/th_3240820_01_3.jpg\",\"width\":609,\"height\":425,\"caption\":\"Tarkett Optima Multisafe 820-0\"},{\"@type\":\"BreadcrumbList\",\"@id\":\"https:\/\/centrumpodlog.com\/sklep\/produkt\/tarkett-natural-iq-170-12\/#breadcrumb\",\"itemListElement\":[{\"@type\":\"ListItem\",\"position\":1,\"name\":\"Strona g\u0142\u00f3wna\",\"item\":\"https:\/\/centrumpodlog.com\/sklep\/\"},{\"@type\":\"ListItem\",\"position\":2,\"name\":\"Produkty\",\"item\":\"https:\/\/centrumpodlog.com\/sklep\/shop\/\"},{\"@type\":\"ListItem\",\"position\":3,\"name\":\"Tarkett Optima Multisafe 820\"}]},{\"@type\":\"WebSite\",\"@id\":\"https:\/\/centrumpodlog.com\/sklep\/#website\",\"url\":\"https:\/\/centrumpodlog.com\/sklep\/\",\"name\":\"Centrum Sprzeda\u017cy Wyk\u0142adzin Przemys\u0142owych\",\"description\":\"Sklep internetowy Centrum Sprzeda\u017cy Wyk\u0142adzin Przemys\u0142owych\",\"publisher\":{\"@id\":\"https:\/\/centrumpodlog.com\/sklep\/#organization\"},\"potentialAction\":[{\"@type\":\"SearchAction\",\"target\":{\"@type\":\"EntryPoint\",\"urlTemplate\":\"https:\/\/centrumpodlog.com\/sklep\/?s={search_term_string}\"},\"query-input\":{\"@type\":\"PropertyValueSpecification\",\"valueRequired\":true,\"valueName\":\"search_term_string\"}}],\"inLanguage\":\"pl-PL\"},{\"@type\":\"Organization\",\"@id\":\"https:\/\/centrumpodlog.com\/sklep\/#organization\",\"name\":\"Centrum Sprzeda\u017cy Wyk\u0142adzin Przemys\u0142owych\",\"url\":\"https:\/\/centrumpodlog.com\/sklep\/\",\"logo\":{\"@type\":\"ImageObject\",\"inLanguage\":\"pl-PL\",\"@id\":\"https:\/\/centrumpodlog.com\/sklep\/#\/schema\/logo\/image\/\",\"url\":\"https:\/\/centrumpodlog.com\/sklep\/wp-content\/uploads\/2019\/06\/logo.jpg\",\"contentUrl\":\"https:\/\/centrumpodlog.com\/sklep\/wp-content\/uploads\/2019\/06\/logo.jpg\",\"width\":169,\"height\":99,\"caption\":\"Centrum Sprzeda\u017cy Wyk\u0142adzin Przemys\u0142owych\"},\"image\":{\"@id\":\"https:\/\/centrumpodlog.com\/sklep\/#\/schema\/logo\/image\/\"}}]}<\/script>\n<!-- \/ Yoast SEO plugin. -->","yoast_head_json":{"title":"Tarkett Optima Multisafe 820 - Centrum Sprzeda\u017cy Wyk\u0142adzin Przemys\u0142owych","robots":{"index":"index","follow":"follow","max-snippet":"max-snippet:-1","max-image-preview":"max-image-preview:large","max-video-preview":"max-video-preview:-1"},"canonical":"https:\/\/centrumpodlog.com\/sklep\/produkt\/tarkett-natural-iq-170-12\/","og_locale":"pl_PL","og_type":"article","og_title":"Tarkett Optima Multisafe 820 - Centrum Sprzeda\u017cy Wyk\u0142adzin Przemys\u0142owych","og_description":"Bezpiecze\u0144stwo jest zawsze wa\u017cn\u0105 kwesti\u0105 wsz\u0119dzie tam, gdzie ludzie sp\u0119dzaj\u0105 du\u017co czasu. W pomieszczeniach nara\u017conych na dzia\u0142anie wody bezpiecze\u0144stwo jest najwa\u017cniejsze zar&oacute;wno dla go\u015bci jak i pracownik&oacute;w danego obiektu.&hellip; Czytaj wi\u0119cej","og_url":"https:\/\/centrumpodlog.com\/sklep\/produkt\/tarkett-natural-iq-170-12\/","og_site_name":"Centrum Sprzeda\u017cy Wyk\u0142adzin Przemys\u0142owych","article_modified_time":"2019-12-02T19:38:39+00:00","og_image":[{"width":609,"height":425,"url":"https:\/\/centrumpodlog.com\/sklep\/wp-content\/uploads\/2015\/05\/th_3240820_01_3.jpg","type":"image\/jpeg"}],"twitter_card":"summary_large_image","twitter_misc":{"Szacowany czas czytania":"1 minuta"},"schema":{"@context":"https:\/\/schema.org","@graph":[{"@type":"WebPage","@id":"https:\/\/centrumpodlog.com\/sklep\/produkt\/tarkett-natural-iq-170-12\/","url":"https:\/\/centrumpodlog.com\/sklep\/produkt\/tarkett-natural-iq-170-12\/","name":"Tarkett Optima Multisafe 820 - Centrum Sprzeda\u017cy Wyk\u0142adzin Przemys\u0142owych","isPartOf":{"@id":"https:\/\/centrumpodlog.com\/sklep\/#website"},"primaryImageOfPage":{"@id":"https:\/\/centrumpodlog.com\/sklep\/produkt\/tarkett-natural-iq-170-12\/#primaryimage"},"image":{"@id":"https:\/\/centrumpodlog.com\/sklep\/produkt\/tarkett-natural-iq-170-12\/#primaryimage"},"thumbnailUrl":"https:\/\/centrumpodlog.com\/sklep\/wp-content\/uploads\/2015\/05\/th_3240820_01_3.jpg","datePublished":"2015-05-15T17:56:18+00:00","dateModified":"2019-12-02T19:38:39+00:00","breadcrumb":{"@id":"https:\/\/centrumpodlog.com\/sklep\/produkt\/tarkett-natural-iq-170-12\/#breadcrumb"},"inLanguage":"pl-PL","potentialAction":[{"@type":"ReadAction","target":["https:\/\/centrumpodlog.com\/sklep\/produkt\/tarkett-natural-iq-170-12\/"]}]},{"@type":"ImageObject","inLanguage":"pl-PL","@id":"https:\/\/centrumpodlog.com\/sklep\/produkt\/tarkett-natural-iq-170-12\/#primaryimage","url":"https:\/\/centrumpodlog.com\/sklep\/wp-content\/uploads\/2015\/05\/th_3240820_01_3.jpg","contentUrl":"https:\/\/centrumpodlog.com\/sklep\/wp-content\/uploads\/2015\/05\/th_3240820_01_3.jpg","width":609,"height":425,"caption":"Tarkett Optima Multisafe 820-0"},{"@type":"BreadcrumbList","@id":"https:\/\/centrumpodlog.com\/sklep\/produkt\/tarkett-natural-iq-170-12\/#breadcrumb","itemListElement":[{"@type":"ListItem","position":1,"name":"Strona g\u0142\u00f3wna","item":"https:\/\/centrumpodlog.com\/sklep\/"},{"@type":"ListItem","position":2,"name":"Produkty","item":"https:\/\/centrumpodlog.com\/sklep\/shop\/"},{"@type":"ListItem","position":3,"name":"Tarkett Optima Multisafe 820"}]},{"@type":"WebSite","@id":"https:\/\/centrumpodlog.com\/sklep\/#website","url":"https:\/\/centrumpodlog.com\/sklep\/","name":"Centrum Sprzeda\u017cy Wyk\u0142adzin Przemys\u0142owych","description":"Sklep internetowy Centrum Sprzeda\u017cy Wyk\u0142adzin Przemys\u0142owych","publisher":{"@id":"https:\/\/centrumpodlog.com\/sklep\/#organization"},"potentialAction":[{"@type":"SearchAction","target":{"@type":"EntryPoint","urlTemplate":"https:\/\/centrumpodlog.com\/sklep\/?s={search_term_string}"},"query-input":{"@type":"PropertyValueSpecification","valueRequired":true,"valueName":"search_term_string"}}],"inLanguage":"pl-PL"},{"@type":"Organization","@id":"https:\/\/centrumpodlog.com\/sklep\/#organization","name":"Centrum Sprzeda\u017cy Wyk\u0142adzin Przemys\u0142owych","url":"https:\/\/centrumpodlog.com\/sklep\/","logo":{"@type":"ImageObject","inLanguage":"pl-PL","@id":"https:\/\/centrumpodlog.com\/sklep\/#\/schema\/logo\/image\/","url":"https:\/\/centrumpodlog.com\/sklep\/wp-content\/uploads\/2019\/06\/logo.jpg","contentUrl":"https:\/\/centrumpodlog.com\/sklep\/wp-content\/uploads\/2019\/06\/logo.jpg","width":169,"height":99,"caption":"Centrum Sprzeda\u017cy Wyk\u0142adzin Przemys\u0142owych"},"image":{"@id":"https:\/\/centrumpodlog.com\/sklep\/#\/schema\/logo\/image\/"}}]}},"taxonomy_info":{"product_cat":[{"value":18,"label":"Produkt"},{"value":20,"label":"Wyk\u0142adziny"},{"value":44,"label":"Antypo\u015blizgowe"},{"value":125,"label":"Optima Multisafe"}]},"featured_image_src_large":["https:\/\/centrumpodlog.com\/sklep\/wp-content\/uploads\/2015\/05\/th_3240820_01_3.jpg",609,425,false],"author_info":[],"comment_info":"","_links":{"self":[{"href":"https:\/\/centrumpodlog.com\/sklep\/wp-json\/wp\/v2\/product\/391","targetHints":{"allow":["GET"]}}],"collection":[{"href":"https:\/\/centrumpodlog.com\/sklep\/wp-json\/wp\/v2\/product"}],"about":[{"href":"https:\/\/centrumpodlog.com\/sklep\/wp-json\/wp\/v2\/types\/product"}],"wp:featuredmedia":[{"embeddable":true,"href":"https:\/\/centrumpodlog.com\/sklep\/wp-json\/wp\/v2\/media\/378"}],"wp:attachment":[{"href":"https:\/\/centrumpodlog.com\/sklep\/wp-json\/wp\/v2\/media?parent=391"}],"wp:term":[{"taxonomy":"product_brand","embeddable":true,"href":"https:\/\/centrumpodlog.com\/sklep\/wp-json\/wp\/v2\/product_brand?post=391"},{"taxonomy":"product_cat","embeddable":true,"href":"https:\/\/centrumpodlog.com\/sklep\/wp-json\/wp\/v2\/product_cat?post=391"},{"taxonomy":"product_tag","embeddable":true,"href":"https:\/\/centrumpodlog.com\/sklep\/wp-json\/wp\/v2\/product_tag?post=391"}],"curies":[{"name":"wp","href":"https:\/\/api.w.org\/{rel}","templated":true}]}}