{"id":395,"date":"2015-05-15T20:20:24","date_gmt":"2015-05-15T18:20:24","guid":{"rendered":"https:\/\/centrumpodlog.com\/sklep\/produkt\/tarkett-natural-iq-170-13\/"},"modified":"2019-12-02T20:42:03","modified_gmt":"2019-12-02T19:42:03","slug":"tarkett-natural-iq-170-13","status":"publish","type":"product","link":"https:\/\/centrumpodlog.com\/sklep\/produkt\/tarkett-natural-iq-170-13\/","title":{"rendered":"Tarkett Optima Acoustic iQ 821"},"content":{"rendered":"<p style=\"text-align: justify;\"><strong>Kompletna oferta kolorystyczna pozwala na stworzenie unikalnego projektu<\/strong><\/p>\n<p style=\"text-align: justify;\">Cz\u0119sto skargi od u\u017cytkownik&oacute;w ko\u0144cowych dotycz\u0105 ha\u0142asu dochodz\u0105cego z s\u0105siednich pomieszcze\u0144. Lepszy komfort akustyczny jest zatem jest cz\u0119stym wymogiem w przypadku wyk\u0142adzin PCW. Z\u0142e parametry pod\u0142ogi mog\u0105 tak\u017ce wp\u0142ywa\u0107 na gorsze samopoczucie ludzi. W dzieijszych czasach, wa\u017cny jest zatem komfort akustyczny i wygoda chodzenia, jakie mo\u017ce zapewni\u0107 wyk\u0142adzina. iQ Optima Acoustic to specjalna wyk\u0142adzina zapewniaj\u0105ca dodatkowy komfort i dobre w\u0142a\u015bciwo\u015bci t\u0142umienia d\u017awi\u0119ku. Zwi\u0119ksza komfort pod stopami i znacznie zmniejsza przenoszenie d\u017awi\u0119ku (16dB), t\u0119 pod\u0142og\u0119 PCW idealnym wyborem dla korytarzy szkolnych, dom&oacute;w opieki lub innych obszar&oacute;w opieki zdrowotnej, gdzie redukcja d\u017awi\u0119k&oacute;w jest wymagana.<\/p>\n<p style=\"text-align: justify;\">Materia\u0142, z kt&oacute;rego wytworzona zosta\u0142a wyk\u0142adzina pod\u0142ogowa ma wbudowan\u0105 po\u015bredni\u0105 warstw\u0119 pianki, dzi\u0119kii czemu zmniejsza transmisj\u0119 d\u017awi\u0119ku.Warstwa ta poch\u0142ania r&oacute;wnie\u017c wstrz\u0105sy, co zmniejsza obci\u0105\u017cenie staw&oacute;w i plec&oacute;w. Wyk\u0142adzina homogeniczna iQ Optima Acoustic jest cz\u0119\u015bci\u0105 rodziny iQ i jest dost\u0119pna w 12 kolorach. Oferuje te same korzy\u015bci co iQ Optima, pod wzgl\u0119dem odporno\u015bci na \u015bcieranie, niskich koszt&oacute;w utrzymania i koszt&oacute;w eksploatacji. Architekci i projektanci mog\u0105 tworzy\u0107 kompleksowe rozwi\u0105zania, dla pomieszcze\u0144 w kt&oacute;rych wymagane s\u0105 w\u0142asciwo\u015bci akustycznie bez uszczerbku na wydajno\u015bci.&nbsp;<\/p>\n<ul style=\"text-align: justify;\">\n<li>16dB redukcja d\u017awi\u0119k&oacute;w i komfort pod stopami u\u017cytkownik&oacute;w<\/li>\n<li>12 kolor&oacute;w<\/li>\n<li>Unikalne w\u0142a\u015bciwo\u015bci samoregeneracji dzi\u0119ki formule iQ<\/li>\n<li>Najlepszy koszt cyklu \u017cycia produktu na rynku<\/li>\n<li>Emisja VOC poni\u017cej poziomu wykrywalno\u015bci, brak ftalan&oacute;w<\/li>\n<li>W 100% przetwarzalna<\/li>\n<\/ul>\n","protected":false},"excerpt":{"rendered":"<p>Cz\u0119sto skargi od u\u017cytkownik&oacute;w ko\u0144cowych dotycz\u0105 ha\u0142asu dochodz\u0105cego z s\u0105siednich pomieszcze\u0144. Lepszy komfort akustyczny jest zatem jest cz\u0119stym wymogiem w przypadku wyk\u0142adzin PCW.<\/p>\n<p>&hellip; <a class=\"kt-excerpt-readmore more-link\" href=\"https:\/\/centrumpodlog.com\/sklep\/produkt\/tarkett-natural-iq-170-13\/\" aria-label=\"Tarkett Optima Acoustic iQ 821\">Czytaj wi\u0119cej<\/a><\/p>\n","protected":false},"featured_media":393,"template":"","meta":{"kt_blocks_editor_width":"","_kad_blocks_custom_css":"","_kad_blocks_head_custom_js":"","_kad_blocks_body_custom_js":"","_kad_blocks_footer_custom_js":""},"product_brand":[],"product_cat":[18,20,51,68],"product_tag":[],"class_list":{"0":"post-395","1":"product","2":"type-product","3":"status-publish","4":"has-post-thumbnail","6":"product_cat-produkt","7":"product_cat-wykladziny","8":"product_cat-akustyczne","9":"product_cat-optima-acoustic","11":"first","12":"outofstock","13":"shipping-taxable","14":"product-type-simple"},"yoast_head":"<!-- This site is optimized with the Yoast SEO plugin v26.8 - https:\/\/yoast.com\/product\/yoast-seo-wordpress\/ -->\n<title>Tarkett Optima Acoustic iQ 821 - Centrum Sprzeda\u017cy Wyk\u0142adzin Przemys\u0142owych<\/title>\n<meta name=\"robots\" content=\"index, follow, max-snippet:-1, max-image-preview:large, max-video-preview:-1\" \/>\n<link rel=\"canonical\" href=\"https:\/\/centrumpodlog.com\/sklep\/produkt\/tarkett-natural-iq-170-13\/\" \/>\n<meta property=\"og:locale\" content=\"pl_PL\" \/>\n<meta property=\"og:type\" content=\"article\" \/>\n<meta property=\"og:title\" content=\"Tarkett Optima Acoustic iQ 821 - Centrum Sprzeda\u017cy Wyk\u0142adzin Przemys\u0142owych\" \/>\n<meta property=\"og:description\" content=\"Cz\u0119sto skargi od u\u017cytkownik&oacute;w ko\u0144cowych dotycz\u0105 ha\u0142asu dochodz\u0105cego z s\u0105siednich pomieszcze\u0144. Lepszy komfort akustyczny jest zatem jest cz\u0119stym wymogiem w przypadku wyk\u0142adzin PCW.&hellip; Czytaj wi\u0119cej\" \/>\n<meta property=\"og:url\" content=\"https:\/\/centrumpodlog.com\/sklep\/produkt\/tarkett-natural-iq-170-13\/\" \/>\n<meta property=\"og:site_name\" content=\"Centrum Sprzeda\u017cy Wyk\u0142adzin Przemys\u0142owych\" \/>\n<meta property=\"article:modified_time\" content=\"2019-12-02T19:42:03+00:00\" \/>\n<meta property=\"og:image\" content=\"https:\/\/centrumpodlog.com\/sklep\/wp-content\/uploads\/2015\/05\/th_3076821_01.jpg\" \/>\n\t<meta property=\"og:image:width\" content=\"609\" \/>\n\t<meta property=\"og:image:height\" content=\"425\" \/>\n\t<meta property=\"og:image:type\" content=\"image\/jpeg\" \/>\n<meta name=\"twitter:card\" content=\"summary_large_image\" \/>\n<meta name=\"twitter:label1\" content=\"Szacowany czas czytania\" \/>\n\t<meta name=\"twitter:data1\" content=\"1 minuta\" \/>\n<script type=\"application\/ld+json\" class=\"yoast-schema-graph\">{\"@context\":\"https:\/\/schema.org\",\"@graph\":[{\"@type\":\"WebPage\",\"@id\":\"https:\/\/centrumpodlog.com\/sklep\/produkt\/tarkett-natural-iq-170-13\/\",\"url\":\"https:\/\/centrumpodlog.com\/sklep\/produkt\/tarkett-natural-iq-170-13\/\",\"name\":\"Tarkett Optima Acoustic iQ 821 - Centrum Sprzeda\u017cy Wyk\u0142adzin Przemys\u0142owych\",\"isPartOf\":{\"@id\":\"https:\/\/centrumpodlog.com\/sklep\/#website\"},\"primaryImageOfPage\":{\"@id\":\"https:\/\/centrumpodlog.com\/sklep\/produkt\/tarkett-natural-iq-170-13\/#primaryimage\"},\"image\":{\"@id\":\"https:\/\/centrumpodlog.com\/sklep\/produkt\/tarkett-natural-iq-170-13\/#primaryimage\"},\"thumbnailUrl\":\"https:\/\/centrumpodlog.com\/sklep\/wp-content\/uploads\/2015\/05\/th_3076821_01.jpg\",\"datePublished\":\"2015-05-15T18:20:24+00:00\",\"dateModified\":\"2019-12-02T19:42:03+00:00\",\"breadcrumb\":{\"@id\":\"https:\/\/centrumpodlog.com\/sklep\/produkt\/tarkett-natural-iq-170-13\/#breadcrumb\"},\"inLanguage\":\"pl-PL\",\"potentialAction\":[{\"@type\":\"ReadAction\",\"target\":[\"https:\/\/centrumpodlog.com\/sklep\/produkt\/tarkett-natural-iq-170-13\/\"]}]},{\"@type\":\"ImageObject\",\"inLanguage\":\"pl-PL\",\"@id\":\"https:\/\/centrumpodlog.com\/sklep\/produkt\/tarkett-natural-iq-170-13\/#primaryimage\",\"url\":\"https:\/\/centrumpodlog.com\/sklep\/wp-content\/uploads\/2015\/05\/th_3076821_01.jpg\",\"contentUrl\":\"https:\/\/centrumpodlog.com\/sklep\/wp-content\/uploads\/2015\/05\/th_3076821_01.jpg\",\"width\":609,\"height\":425,\"caption\":\"Tarkett Optima Acoustic iQ 821-0\"},{\"@type\":\"BreadcrumbList\",\"@id\":\"https:\/\/centrumpodlog.com\/sklep\/produkt\/tarkett-natural-iq-170-13\/#breadcrumb\",\"itemListElement\":[{\"@type\":\"ListItem\",\"position\":1,\"name\":\"Strona g\u0142\u00f3wna\",\"item\":\"https:\/\/centrumpodlog.com\/sklep\/\"},{\"@type\":\"ListItem\",\"position\":2,\"name\":\"Produkty\",\"item\":\"https:\/\/centrumpodlog.com\/sklep\/shop\/\"},{\"@type\":\"ListItem\",\"position\":3,\"name\":\"Tarkett Optima Acoustic iQ 821\"}]},{\"@type\":\"WebSite\",\"@id\":\"https:\/\/centrumpodlog.com\/sklep\/#website\",\"url\":\"https:\/\/centrumpodlog.com\/sklep\/\",\"name\":\"Centrum Sprzeda\u017cy Wyk\u0142adzin Przemys\u0142owych\",\"description\":\"Sklep internetowy Centrum Sprzeda\u017cy Wyk\u0142adzin Przemys\u0142owych\",\"publisher\":{\"@id\":\"https:\/\/centrumpodlog.com\/sklep\/#organization\"},\"potentialAction\":[{\"@type\":\"SearchAction\",\"target\":{\"@type\":\"EntryPoint\",\"urlTemplate\":\"https:\/\/centrumpodlog.com\/sklep\/?s={search_term_string}\"},\"query-input\":{\"@type\":\"PropertyValueSpecification\",\"valueRequired\":true,\"valueName\":\"search_term_string\"}}],\"inLanguage\":\"pl-PL\"},{\"@type\":\"Organization\",\"@id\":\"https:\/\/centrumpodlog.com\/sklep\/#organization\",\"name\":\"Centrum Sprzeda\u017cy Wyk\u0142adzin Przemys\u0142owych\",\"url\":\"https:\/\/centrumpodlog.com\/sklep\/\",\"logo\":{\"@type\":\"ImageObject\",\"inLanguage\":\"pl-PL\",\"@id\":\"https:\/\/centrumpodlog.com\/sklep\/#\/schema\/logo\/image\/\",\"url\":\"https:\/\/centrumpodlog.com\/sklep\/wp-content\/uploads\/2019\/06\/logo.jpg\",\"contentUrl\":\"https:\/\/centrumpodlog.com\/sklep\/wp-content\/uploads\/2019\/06\/logo.jpg\",\"width\":169,\"height\":99,\"caption\":\"Centrum Sprzeda\u017cy Wyk\u0142adzin Przemys\u0142owych\"},\"image\":{\"@id\":\"https:\/\/centrumpodlog.com\/sklep\/#\/schema\/logo\/image\/\"}}]}<\/script>\n<!-- \/ Yoast SEO plugin. -->","yoast_head_json":{"title":"Tarkett Optima Acoustic iQ 821 - Centrum Sprzeda\u017cy Wyk\u0142adzin Przemys\u0142owych","robots":{"index":"index","follow":"follow","max-snippet":"max-snippet:-1","max-image-preview":"max-image-preview:large","max-video-preview":"max-video-preview:-1"},"canonical":"https:\/\/centrumpodlog.com\/sklep\/produkt\/tarkett-natural-iq-170-13\/","og_locale":"pl_PL","og_type":"article","og_title":"Tarkett Optima Acoustic iQ 821 - Centrum Sprzeda\u017cy Wyk\u0142adzin Przemys\u0142owych","og_description":"Cz\u0119sto skargi od u\u017cytkownik&oacute;w ko\u0144cowych dotycz\u0105 ha\u0142asu dochodz\u0105cego z s\u0105siednich pomieszcze\u0144. Lepszy komfort akustyczny jest zatem jest cz\u0119stym wymogiem w przypadku wyk\u0142adzin PCW.&hellip; Czytaj wi\u0119cej","og_url":"https:\/\/centrumpodlog.com\/sklep\/produkt\/tarkett-natural-iq-170-13\/","og_site_name":"Centrum Sprzeda\u017cy Wyk\u0142adzin Przemys\u0142owych","article_modified_time":"2019-12-02T19:42:03+00:00","og_image":[{"width":609,"height":425,"url":"https:\/\/centrumpodlog.com\/sklep\/wp-content\/uploads\/2015\/05\/th_3076821_01.jpg","type":"image\/jpeg"}],"twitter_card":"summary_large_image","twitter_misc":{"Szacowany czas czytania":"1 minuta"},"schema":{"@context":"https:\/\/schema.org","@graph":[{"@type":"WebPage","@id":"https:\/\/centrumpodlog.com\/sklep\/produkt\/tarkett-natural-iq-170-13\/","url":"https:\/\/centrumpodlog.com\/sklep\/produkt\/tarkett-natural-iq-170-13\/","name":"Tarkett Optima Acoustic iQ 821 - Centrum Sprzeda\u017cy Wyk\u0142adzin Przemys\u0142owych","isPartOf":{"@id":"https:\/\/centrumpodlog.com\/sklep\/#website"},"primaryImageOfPage":{"@id":"https:\/\/centrumpodlog.com\/sklep\/produkt\/tarkett-natural-iq-170-13\/#primaryimage"},"image":{"@id":"https:\/\/centrumpodlog.com\/sklep\/produkt\/tarkett-natural-iq-170-13\/#primaryimage"},"thumbnailUrl":"https:\/\/centrumpodlog.com\/sklep\/wp-content\/uploads\/2015\/05\/th_3076821_01.jpg","datePublished":"2015-05-15T18:20:24+00:00","dateModified":"2019-12-02T19:42:03+00:00","breadcrumb":{"@id":"https:\/\/centrumpodlog.com\/sklep\/produkt\/tarkett-natural-iq-170-13\/#breadcrumb"},"inLanguage":"pl-PL","potentialAction":[{"@type":"ReadAction","target":["https:\/\/centrumpodlog.com\/sklep\/produkt\/tarkett-natural-iq-170-13\/"]}]},{"@type":"ImageObject","inLanguage":"pl-PL","@id":"https:\/\/centrumpodlog.com\/sklep\/produkt\/tarkett-natural-iq-170-13\/#primaryimage","url":"https:\/\/centrumpodlog.com\/sklep\/wp-content\/uploads\/2015\/05\/th_3076821_01.jpg","contentUrl":"https:\/\/centrumpodlog.com\/sklep\/wp-content\/uploads\/2015\/05\/th_3076821_01.jpg","width":609,"height":425,"caption":"Tarkett Optima Acoustic iQ 821-0"},{"@type":"BreadcrumbList","@id":"https:\/\/centrumpodlog.com\/sklep\/produkt\/tarkett-natural-iq-170-13\/#breadcrumb","itemListElement":[{"@type":"ListItem","position":1,"name":"Strona g\u0142\u00f3wna","item":"https:\/\/centrumpodlog.com\/sklep\/"},{"@type":"ListItem","position":2,"name":"Produkty","item":"https:\/\/centrumpodlog.com\/sklep\/shop\/"},{"@type":"ListItem","position":3,"name":"Tarkett Optima Acoustic iQ 821"}]},{"@type":"WebSite","@id":"https:\/\/centrumpodlog.com\/sklep\/#website","url":"https:\/\/centrumpodlog.com\/sklep\/","name":"Centrum Sprzeda\u017cy Wyk\u0142adzin Przemys\u0142owych","description":"Sklep internetowy Centrum Sprzeda\u017cy Wyk\u0142adzin Przemys\u0142owych","publisher":{"@id":"https:\/\/centrumpodlog.com\/sklep\/#organization"},"potentialAction":[{"@type":"SearchAction","target":{"@type":"EntryPoint","urlTemplate":"https:\/\/centrumpodlog.com\/sklep\/?s={search_term_string}"},"query-input":{"@type":"PropertyValueSpecification","valueRequired":true,"valueName":"search_term_string"}}],"inLanguage":"pl-PL"},{"@type":"Organization","@id":"https:\/\/centrumpodlog.com\/sklep\/#organization","name":"Centrum Sprzeda\u017cy Wyk\u0142adzin Przemys\u0142owych","url":"https:\/\/centrumpodlog.com\/sklep\/","logo":{"@type":"ImageObject","inLanguage":"pl-PL","@id":"https:\/\/centrumpodlog.com\/sklep\/#\/schema\/logo\/image\/","url":"https:\/\/centrumpodlog.com\/sklep\/wp-content\/uploads\/2019\/06\/logo.jpg","contentUrl":"https:\/\/centrumpodlog.com\/sklep\/wp-content\/uploads\/2019\/06\/logo.jpg","width":169,"height":99,"caption":"Centrum Sprzeda\u017cy Wyk\u0142adzin Przemys\u0142owych"},"image":{"@id":"https:\/\/centrumpodlog.com\/sklep\/#\/schema\/logo\/image\/"}}]}},"taxonomy_info":{"product_cat":[{"value":18,"label":"Produkt"},{"value":20,"label":"Wyk\u0142adziny"},{"value":51,"label":"Akustyczne"},{"value":68,"label":"Optima Acoustic"}]},"featured_image_src_large":["https:\/\/centrumpodlog.com\/sklep\/wp-content\/uploads\/2015\/05\/th_3076821_01.jpg",609,425,false],"author_info":[],"comment_info":"","_links":{"self":[{"href":"https:\/\/centrumpodlog.com\/sklep\/wp-json\/wp\/v2\/product\/395","targetHints":{"allow":["GET"]}}],"collection":[{"href":"https:\/\/centrumpodlog.com\/sklep\/wp-json\/wp\/v2\/product"}],"about":[{"href":"https:\/\/centrumpodlog.com\/sklep\/wp-json\/wp\/v2\/types\/product"}],"wp:featuredmedia":[{"embeddable":true,"href":"https:\/\/centrumpodlog.com\/sklep\/wp-json\/wp\/v2\/media\/393"}],"wp:attachment":[{"href":"https:\/\/centrumpodlog.com\/sklep\/wp-json\/wp\/v2\/media?parent=395"}],"wp:term":[{"taxonomy":"product_brand","embeddable":true,"href":"https:\/\/centrumpodlog.com\/sklep\/wp-json\/wp\/v2\/product_brand?post=395"},{"taxonomy":"product_cat","embeddable":true,"href":"https:\/\/centrumpodlog.com\/sklep\/wp-json\/wp\/v2\/product_cat?post=395"},{"taxonomy":"product_tag","embeddable":true,"href":"https:\/\/centrumpodlog.com\/sklep\/wp-json\/wp\/v2\/product_tag?post=395"}],"curies":[{"name":"wp","href":"https:\/\/api.w.org\/{rel}","templated":true}]}}