{"id":399,"date":"2015-05-17T19:57:19","date_gmt":"2015-05-17T17:57:19","guid":{"rendered":"https:\/\/centrumpodlog.com\/sklep\/produkt\/tarkett-natural-iq-170-15\/"},"modified":"2019-11-19T20:22:26","modified_gmt":"2019-11-19T19:22:26","slug":"tarkett-natural-iq-170-15","status":"publish","type":"product","link":"https:\/\/centrumpodlog.com\/sklep\/produkt\/tarkett-natural-iq-170-15\/","title":{"rendered":"Tarkett Accent Excellence 80 5000"},"content":{"rendered":"<p style=\"text-align: justify;\">Nowa kolekcja wyk\u0142adzin heterogenicznych w grupy Excellence zainspirowana zosta\u0142a najnowszymi trendami w aran\u017cacji wn\u0119trz i stanowi niezwykle obszern\u0105 ofert\u0119 117 kolor&oacute;w i dekor&oacute;w drewnianych, dzi\u0119ki kt&oacute;rym ka\u017cde pomieszczenie zyska unikalny charakter. Prezentujemy produkt, zapewniaj\u0105cy komfort u\u017cytkowania, odporno\u015b\u0107 na du\u017ce nat\u0119\u017cenie ruchu w pomieszczeniach segment&oacute;w takich jak edukacja, biura i domy opieki.&nbsp;<\/p>\n<ul style=\"text-align: justify;\">\n<li>177 jednolitych kolor&oacute;w oraz gama dekor&oacute;w drewnianych<\/li>\n<li>Unikalny wz&oacute;r d\u0142ugiej deski z nowym matowym wyko\u0144czeniem powierzchni (R10)<\/li>\n<li>Technologia produkcji wolna od ftalan&oacute;w, bardzo niska emisja VOC &lt; 10&micro;g\/m3<\/li>\n<li>Pe\u0142na oferta akcesori&oacute;w<\/li>\n<li>Najlepsza zmierzona warto\u015b\u0107 wgniecenia resztkowego: 0.03mm<\/li>\n<li>Ochrona powierzchni TopClean XP zapewnia odporno\u015b\u0107 na u\u017cytkowanie<\/li>\n<li>Wszystkie dekory dost\u0119pne r&oacute;wniez w wersji akustycznej (Tapiflex Excellence 65)<\/li>\n<li>Dost\u0119pne w wersji loose-lay: Acczent Unik<\/li>\n<\/ul>\n","protected":false},"excerpt":{"rendered":"<p>Nowa kolekcja wyk\u0142adzin heterogenicznych w grupy Excellence zainspirowana zosta\u0142a najnowszymi trendami w aran\u017cacji wn\u0119trz i stanowi niezwykle obszern\u0105 ofert\u0119 117 kolor&oacute;w i dekor&oacute;w drewnianych, dzi\u0119ki kt&oacute;rym ka\u017cde pomieszczenie zyska unikalny charakter.<\/p>\n<p>&hellip; <a class=\"kt-excerpt-readmore more-link\" href=\"https:\/\/centrumpodlog.com\/sklep\/produkt\/tarkett-natural-iq-170-15\/\" aria-label=\"Tarkett Accent Excellence 80 5000\">Czytaj wi\u0119cej<\/a><\/p>\n","protected":false},"featured_media":398,"template":"","meta":{"kt_blocks_editor_width":"","_kad_blocks_custom_css":"","_kad_blocks_head_custom_js":"","_kad_blocks_body_custom_js":"","_kad_blocks_footer_custom_js":""},"product_brand":[],"product_cat":[20,43,63],"product_tag":[],"class_list":{"0":"post-399","1":"product","2":"type-product","3":"status-publish","4":"has-post-thumbnail","6":"product_cat-wykladziny","7":"product_cat-wykladziny-heterogeniczne","8":"product_cat-accent-excellence-80","10":"first","11":"outofstock","12":"shipping-taxable","13":"product-type-simple"},"yoast_head":"<!-- This site is optimized with the Yoast SEO plugin v26.8 - https:\/\/yoast.com\/product\/yoast-seo-wordpress\/ -->\n<title>Tarkett Accent Excellence 80 5000 - Centrum Sprzeda\u017cy Wyk\u0142adzin Przemys\u0142owych<\/title>\n<meta name=\"robots\" content=\"index, follow, max-snippet:-1, max-image-preview:large, max-video-preview:-1\" \/>\n<link rel=\"canonical\" href=\"https:\/\/centrumpodlog.com\/sklep\/produkt\/tarkett-natural-iq-170-15\/\" \/>\n<meta property=\"og:locale\" content=\"pl_PL\" \/>\n<meta property=\"og:type\" content=\"article\" \/>\n<meta property=\"og:title\" content=\"Tarkett Accent Excellence 80 5000 - Centrum Sprzeda\u017cy Wyk\u0142adzin Przemys\u0142owych\" \/>\n<meta property=\"og:description\" content=\"Nowa kolekcja wyk\u0142adzin heterogenicznych w grupy Excellence zainspirowana zosta\u0142a najnowszymi trendami w aran\u017cacji wn\u0119trz i stanowi niezwykle obszern\u0105 ofert\u0119 117 kolor&oacute;w i dekor&oacute;w drewnianych, dzi\u0119ki kt&oacute;rym ka\u017cde pomieszczenie zyska unikalny charakter.&hellip; Czytaj wi\u0119cej\" \/>\n<meta property=\"og:url\" content=\"https:\/\/centrumpodlog.com\/sklep\/produkt\/tarkett-natural-iq-170-15\/\" \/>\n<meta property=\"og:site_name\" content=\"Centrum Sprzeda\u017cy Wyk\u0142adzin Przemys\u0142owych\" \/>\n<meta property=\"article:modified_time\" content=\"2019-11-19T19:22:26+00:00\" \/>\n<meta property=\"og:image\" content=\"https:\/\/centrumpodlog.com\/sklep\/wp-content\/uploads\/2015\/05\/tha4_25025000_25011000_25070000001_2.jpg\" \/>\n\t<meta property=\"og:image:width\" content=\"609\" \/>\n\t<meta property=\"og:image:height\" content=\"425\" \/>\n\t<meta property=\"og:image:type\" content=\"image\/jpeg\" \/>\n<meta name=\"twitter:card\" content=\"summary_large_image\" \/>\n<meta name=\"twitter:label1\" content=\"Szacowany czas czytania\" \/>\n\t<meta name=\"twitter:data1\" content=\"1 minuta\" \/>\n<script type=\"application\/ld+json\" class=\"yoast-schema-graph\">{\"@context\":\"https:\/\/schema.org\",\"@graph\":[{\"@type\":\"WebPage\",\"@id\":\"https:\/\/centrumpodlog.com\/sklep\/produkt\/tarkett-natural-iq-170-15\/\",\"url\":\"https:\/\/centrumpodlog.com\/sklep\/produkt\/tarkett-natural-iq-170-15\/\",\"name\":\"Tarkett Accent Excellence 80 5000 - Centrum Sprzeda\u017cy Wyk\u0142adzin Przemys\u0142owych\",\"isPartOf\":{\"@id\":\"https:\/\/centrumpodlog.com\/sklep\/#website\"},\"primaryImageOfPage\":{\"@id\":\"https:\/\/centrumpodlog.com\/sklep\/produkt\/tarkett-natural-iq-170-15\/#primaryimage\"},\"image\":{\"@id\":\"https:\/\/centrumpodlog.com\/sklep\/produkt\/tarkett-natural-iq-170-15\/#primaryimage\"},\"thumbnailUrl\":\"https:\/\/centrumpodlog.com\/sklep\/wp-content\/uploads\/2015\/05\/tha4_25025000_25011000_25070000001_2.jpg\",\"datePublished\":\"2015-05-17T17:57:19+00:00\",\"dateModified\":\"2019-11-19T19:22:26+00:00\",\"breadcrumb\":{\"@id\":\"https:\/\/centrumpodlog.com\/sklep\/produkt\/tarkett-natural-iq-170-15\/#breadcrumb\"},\"inLanguage\":\"pl-PL\",\"potentialAction\":[{\"@type\":\"ReadAction\",\"target\":[\"https:\/\/centrumpodlog.com\/sklep\/produkt\/tarkett-natural-iq-170-15\/\"]}]},{\"@type\":\"ImageObject\",\"inLanguage\":\"pl-PL\",\"@id\":\"https:\/\/centrumpodlog.com\/sklep\/produkt\/tarkett-natural-iq-170-15\/#primaryimage\",\"url\":\"https:\/\/centrumpodlog.com\/sklep\/wp-content\/uploads\/2015\/05\/tha4_25025000_25011000_25070000001_2.jpg\",\"contentUrl\":\"https:\/\/centrumpodlog.com\/sklep\/wp-content\/uploads\/2015\/05\/tha4_25025000_25011000_25070000001_2.jpg\",\"width\":609,\"height\":425,\"caption\":\"Tarkett Accent Excellence 80 5000-0\"},{\"@type\":\"BreadcrumbList\",\"@id\":\"https:\/\/centrumpodlog.com\/sklep\/produkt\/tarkett-natural-iq-170-15\/#breadcrumb\",\"itemListElement\":[{\"@type\":\"ListItem\",\"position\":1,\"name\":\"Strona g\u0142\u00f3wna\",\"item\":\"https:\/\/centrumpodlog.com\/sklep\/\"},{\"@type\":\"ListItem\",\"position\":2,\"name\":\"Produkty\",\"item\":\"https:\/\/centrumpodlog.com\/sklep\/shop\/\"},{\"@type\":\"ListItem\",\"position\":3,\"name\":\"Tarkett Accent Excellence 80 5000\"}]},{\"@type\":\"WebSite\",\"@id\":\"https:\/\/centrumpodlog.com\/sklep\/#website\",\"url\":\"https:\/\/centrumpodlog.com\/sklep\/\",\"name\":\"Centrum Sprzeda\u017cy Wyk\u0142adzin Przemys\u0142owych\",\"description\":\"Sklep internetowy Centrum Sprzeda\u017cy Wyk\u0142adzin Przemys\u0142owych\",\"publisher\":{\"@id\":\"https:\/\/centrumpodlog.com\/sklep\/#organization\"},\"potentialAction\":[{\"@type\":\"SearchAction\",\"target\":{\"@type\":\"EntryPoint\",\"urlTemplate\":\"https:\/\/centrumpodlog.com\/sklep\/?s={search_term_string}\"},\"query-input\":{\"@type\":\"PropertyValueSpecification\",\"valueRequired\":true,\"valueName\":\"search_term_string\"}}],\"inLanguage\":\"pl-PL\"},{\"@type\":\"Organization\",\"@id\":\"https:\/\/centrumpodlog.com\/sklep\/#organization\",\"name\":\"Centrum Sprzeda\u017cy Wyk\u0142adzin Przemys\u0142owych\",\"url\":\"https:\/\/centrumpodlog.com\/sklep\/\",\"logo\":{\"@type\":\"ImageObject\",\"inLanguage\":\"pl-PL\",\"@id\":\"https:\/\/centrumpodlog.com\/sklep\/#\/schema\/logo\/image\/\",\"url\":\"https:\/\/centrumpodlog.com\/sklep\/wp-content\/uploads\/2019\/06\/logo.jpg\",\"contentUrl\":\"https:\/\/centrumpodlog.com\/sklep\/wp-content\/uploads\/2019\/06\/logo.jpg\",\"width\":169,\"height\":99,\"caption\":\"Centrum Sprzeda\u017cy Wyk\u0142adzin Przemys\u0142owych\"},\"image\":{\"@id\":\"https:\/\/centrumpodlog.com\/sklep\/#\/schema\/logo\/image\/\"}}]}<\/script>\n<!-- \/ Yoast SEO plugin. -->","yoast_head_json":{"title":"Tarkett Accent Excellence 80 5000 - Centrum Sprzeda\u017cy Wyk\u0142adzin Przemys\u0142owych","robots":{"index":"index","follow":"follow","max-snippet":"max-snippet:-1","max-image-preview":"max-image-preview:large","max-video-preview":"max-video-preview:-1"},"canonical":"https:\/\/centrumpodlog.com\/sklep\/produkt\/tarkett-natural-iq-170-15\/","og_locale":"pl_PL","og_type":"article","og_title":"Tarkett Accent Excellence 80 5000 - Centrum Sprzeda\u017cy Wyk\u0142adzin Przemys\u0142owych","og_description":"Nowa kolekcja wyk\u0142adzin heterogenicznych w grupy Excellence zainspirowana zosta\u0142a najnowszymi trendami w aran\u017cacji wn\u0119trz i stanowi niezwykle obszern\u0105 ofert\u0119 117 kolor&oacute;w i dekor&oacute;w drewnianych, dzi\u0119ki kt&oacute;rym ka\u017cde pomieszczenie zyska unikalny charakter.&hellip; Czytaj wi\u0119cej","og_url":"https:\/\/centrumpodlog.com\/sklep\/produkt\/tarkett-natural-iq-170-15\/","og_site_name":"Centrum Sprzeda\u017cy Wyk\u0142adzin Przemys\u0142owych","article_modified_time":"2019-11-19T19:22:26+00:00","og_image":[{"width":609,"height":425,"url":"https:\/\/centrumpodlog.com\/sklep\/wp-content\/uploads\/2015\/05\/tha4_25025000_25011000_25070000001_2.jpg","type":"image\/jpeg"}],"twitter_card":"summary_large_image","twitter_misc":{"Szacowany czas czytania":"1 minuta"},"schema":{"@context":"https:\/\/schema.org","@graph":[{"@type":"WebPage","@id":"https:\/\/centrumpodlog.com\/sklep\/produkt\/tarkett-natural-iq-170-15\/","url":"https:\/\/centrumpodlog.com\/sklep\/produkt\/tarkett-natural-iq-170-15\/","name":"Tarkett Accent Excellence 80 5000 - Centrum Sprzeda\u017cy Wyk\u0142adzin Przemys\u0142owych","isPartOf":{"@id":"https:\/\/centrumpodlog.com\/sklep\/#website"},"primaryImageOfPage":{"@id":"https:\/\/centrumpodlog.com\/sklep\/produkt\/tarkett-natural-iq-170-15\/#primaryimage"},"image":{"@id":"https:\/\/centrumpodlog.com\/sklep\/produkt\/tarkett-natural-iq-170-15\/#primaryimage"},"thumbnailUrl":"https:\/\/centrumpodlog.com\/sklep\/wp-content\/uploads\/2015\/05\/tha4_25025000_25011000_25070000001_2.jpg","datePublished":"2015-05-17T17:57:19+00:00","dateModified":"2019-11-19T19:22:26+00:00","breadcrumb":{"@id":"https:\/\/centrumpodlog.com\/sklep\/produkt\/tarkett-natural-iq-170-15\/#breadcrumb"},"inLanguage":"pl-PL","potentialAction":[{"@type":"ReadAction","target":["https:\/\/centrumpodlog.com\/sklep\/produkt\/tarkett-natural-iq-170-15\/"]}]},{"@type":"ImageObject","inLanguage":"pl-PL","@id":"https:\/\/centrumpodlog.com\/sklep\/produkt\/tarkett-natural-iq-170-15\/#primaryimage","url":"https:\/\/centrumpodlog.com\/sklep\/wp-content\/uploads\/2015\/05\/tha4_25025000_25011000_25070000001_2.jpg","contentUrl":"https:\/\/centrumpodlog.com\/sklep\/wp-content\/uploads\/2015\/05\/tha4_25025000_25011000_25070000001_2.jpg","width":609,"height":425,"caption":"Tarkett Accent Excellence 80 5000-0"},{"@type":"BreadcrumbList","@id":"https:\/\/centrumpodlog.com\/sklep\/produkt\/tarkett-natural-iq-170-15\/#breadcrumb","itemListElement":[{"@type":"ListItem","position":1,"name":"Strona g\u0142\u00f3wna","item":"https:\/\/centrumpodlog.com\/sklep\/"},{"@type":"ListItem","position":2,"name":"Produkty","item":"https:\/\/centrumpodlog.com\/sklep\/shop\/"},{"@type":"ListItem","position":3,"name":"Tarkett Accent Excellence 80 5000"}]},{"@type":"WebSite","@id":"https:\/\/centrumpodlog.com\/sklep\/#website","url":"https:\/\/centrumpodlog.com\/sklep\/","name":"Centrum Sprzeda\u017cy Wyk\u0142adzin Przemys\u0142owych","description":"Sklep internetowy Centrum Sprzeda\u017cy Wyk\u0142adzin Przemys\u0142owych","publisher":{"@id":"https:\/\/centrumpodlog.com\/sklep\/#organization"},"potentialAction":[{"@type":"SearchAction","target":{"@type":"EntryPoint","urlTemplate":"https:\/\/centrumpodlog.com\/sklep\/?s={search_term_string}"},"query-input":{"@type":"PropertyValueSpecification","valueRequired":true,"valueName":"search_term_string"}}],"inLanguage":"pl-PL"},{"@type":"Organization","@id":"https:\/\/centrumpodlog.com\/sklep\/#organization","name":"Centrum Sprzeda\u017cy Wyk\u0142adzin Przemys\u0142owych","url":"https:\/\/centrumpodlog.com\/sklep\/","logo":{"@type":"ImageObject","inLanguage":"pl-PL","@id":"https:\/\/centrumpodlog.com\/sklep\/#\/schema\/logo\/image\/","url":"https:\/\/centrumpodlog.com\/sklep\/wp-content\/uploads\/2019\/06\/logo.jpg","contentUrl":"https:\/\/centrumpodlog.com\/sklep\/wp-content\/uploads\/2019\/06\/logo.jpg","width":169,"height":99,"caption":"Centrum Sprzeda\u017cy Wyk\u0142adzin Przemys\u0142owych"},"image":{"@id":"https:\/\/centrumpodlog.com\/sklep\/#\/schema\/logo\/image\/"}}]}},"taxonomy_info":{"product_cat":[{"value":20,"label":"Wyk\u0142adziny"},{"value":43,"label":"Heterogeniczne"},{"value":63,"label":"Accent Excellence 80"}]},"featured_image_src_large":["https:\/\/centrumpodlog.com\/sklep\/wp-content\/uploads\/2015\/05\/tha4_25025000_25011000_25070000001_2.jpg",609,425,false],"author_info":[],"comment_info":"","_links":{"self":[{"href":"https:\/\/centrumpodlog.com\/sklep\/wp-json\/wp\/v2\/product\/399","targetHints":{"allow":["GET"]}}],"collection":[{"href":"https:\/\/centrumpodlog.com\/sklep\/wp-json\/wp\/v2\/product"}],"about":[{"href":"https:\/\/centrumpodlog.com\/sklep\/wp-json\/wp\/v2\/types\/product"}],"wp:featuredmedia":[{"embeddable":true,"href":"https:\/\/centrumpodlog.com\/sklep\/wp-json\/wp\/v2\/media\/398"}],"wp:attachment":[{"href":"https:\/\/centrumpodlog.com\/sklep\/wp-json\/wp\/v2\/media?parent=399"}],"wp:term":[{"taxonomy":"product_brand","embeddable":true,"href":"https:\/\/centrumpodlog.com\/sklep\/wp-json\/wp\/v2\/product_brand?post=399"},{"taxonomy":"product_cat","embeddable":true,"href":"https:\/\/centrumpodlog.com\/sklep\/wp-json\/wp\/v2\/product_cat?post=399"},{"taxonomy":"product_tag","embeddable":true,"href":"https:\/\/centrumpodlog.com\/sklep\/wp-json\/wp\/v2\/product_tag?post=399"}],"curies":[{"name":"wp","href":"https:\/\/api.w.org\/{rel}","templated":true}]}}