{"id":428,"date":"2015-05-18T20:57:44","date_gmt":"2015-05-18T18:57:44","guid":{"rendered":"https:\/\/centrumpodlog.com\/sklep\/produkt\/tarkett-natural-iq-170-28\/"},"modified":"2020-01-27T21:53:41","modified_gmt":"2020-01-27T20:53:41","slug":"tarkett-natural-iq-170-28","status":"publish","type":"product","link":"https:\/\/centrumpodlog.com\/sklep\/produkt\/tarkett-natural-iq-170-28\/","title":{"rendered":"Tarkett Aqua 100"},"content":{"rendered":"<p style=\"text-align: justify;\"><span id=\"long-text\" style=\"display: inline;\"> <strong>Komfort dla bosej stopy<\/strong><br \/> <\/span><\/p>\n<p style=\"text-align: justify;\"><span id=\"long-text\" style=\"display: inline;\">Powierzchnia nie\u015bcieralna Safetred Aqua gwarantuje dodatkowy komfort dla bosych st&oacute;p, szczeg&oacute;lnie pod prysznicem. Unikatowa konstrukcja czyni j\u0105 wysoce elastyczn\u0105 i idealn\u0105 do fazowania i montowania na odp\u0142ywach i zag\u0142\u0119bieniach. Uzupe\u0142nia kolekcj\u0119 Aquarelle Wall HFS i ma 12 kolor&oacute;w do wyboru, kt&oacute;re mo\u017cna dopasowa\u0107 do ka\u017cdego wn\u0119trza.&nbsp; <\/span><\/p>\n<ul style=\"text-align: justify;\">\n<li><span>Odporno\u015b\u0107 na po\u015blizg R11 daj\u0105ca znakomit\u0105 funkcjonalno\u015b\u0107 w pomieszczeniach mokrych<\/span><\/li>\n<li><span>Komfort dla bosych st&oacute;p w pomieszczeniach mokrych<\/span><\/li>\n<li><span>Powierzchnia Safety Clean XP zapewniaj\u0105ca \u0142atwo\u015b\u0107 utrzymania<\/span><\/li>\n<li><span>Zwi\u0119kszona elastyczno\u015b\u0107 zapewniaj\u0105ca \u0142atwo\u015b\u0107 monta\u017cu w zag\u0142\u0119bieniach pod\u0142o\u017ca i odp\u0142ywach<\/span><\/li>\n<li><span>Trwa\u0142a odporno\u015b\u0107 na po\u015blizg przez ca\u0142e \u017cycie produktu<\/span><\/li>\n<li><span>Zabezpieczenie Biostatem w celu ochrony przed rozwojem bakterii i grzyb&oacute;w<\/span><\/li>\n<\/ul>\n","protected":false},"excerpt":{"rendered":"<p><span id=\"long-text\" style=\"display: inline;\">Powierzchnia nie\u015bcieralna Safetred Aqua gwarantuje dodatkowy komfort dla bosych st&oacute;p, szczeg&oacute;lnie pod prysznicem. Unikatowa konstrukcja czyni j\u0105 wysoce elastyczn\u0105 i idealn\u0105 do fazowania i montowania na odp\u0142ywach i zag\u0142\u0119bieniach.<\/span><\/p>\n<p>&hellip; <a class=\"kt-excerpt-readmore more-link\" href=\"https:\/\/centrumpodlog.com\/sklep\/produkt\/tarkett-natural-iq-170-28\/\" aria-label=\"Tarkett Aqua 100\">Czytaj wi\u0119cej<\/a><\/p>\n","protected":false},"featured_media":427,"template":"","meta":{"kt_blocks_editor_width":"","_kad_blocks_custom_css":"","_kad_blocks_head_custom_js":"","_kad_blocks_body_custom_js":"","_kad_blocks_footer_custom_js":""},"product_brand":[],"product_cat":[18,20,44],"product_tag":[],"class_list":{"0":"post-428","1":"product","2":"type-product","3":"status-publish","4":"has-post-thumbnail","6":"product_cat-produkt","7":"product_cat-wykladziny","8":"product_cat-antyposlizgowe","10":"first","11":"outofstock","12":"shipping-taxable","13":"product-type-simple"},"yoast_head":"<!-- This site is optimized with the Yoast SEO plugin v26.8 - https:\/\/yoast.com\/product\/yoast-seo-wordpress\/ -->\n<title>Tarkett Aqua 100 - Centrum Sprzeda\u017cy Wyk\u0142adzin Przemys\u0142owych<\/title>\n<meta name=\"robots\" content=\"index, follow, max-snippet:-1, max-image-preview:large, max-video-preview:-1\" \/>\n<link rel=\"canonical\" href=\"https:\/\/centrumpodlog.com\/sklep\/produkt\/tarkett-natural-iq-170-28\/\" \/>\n<meta property=\"og:locale\" content=\"pl_PL\" \/>\n<meta property=\"og:type\" content=\"article\" \/>\n<meta property=\"og:title\" content=\"Tarkett Aqua 100 - Centrum Sprzeda\u017cy Wyk\u0142adzin Przemys\u0142owych\" \/>\n<meta property=\"og:description\" content=\"Powierzchnia nie\u015bcieralna Safetred Aqua gwarantuje dodatkowy komfort dla bosych st&oacute;p, szczeg&oacute;lnie pod prysznicem. Unikatowa konstrukcja czyni j\u0105 wysoce elastyczn\u0105 i idealn\u0105 do fazowania i montowania na odp\u0142ywach i zag\u0142\u0119bieniach.&hellip; Czytaj wi\u0119cej\" \/>\n<meta property=\"og:url\" content=\"https:\/\/centrumpodlog.com\/sklep\/produkt\/tarkett-natural-iq-170-28\/\" \/>\n<meta property=\"og:site_name\" content=\"Centrum Sprzeda\u017cy Wyk\u0142adzin Przemys\u0142owych\" \/>\n<meta property=\"article:modified_time\" content=\"2020-01-27T20:53:41+00:00\" \/>\n<meta property=\"og:image\" content=\"https:\/\/centrumpodlog.com\/sklep\/wp-content\/uploads\/2015\/05\/th_3816100_001.jpg\" \/>\n\t<meta property=\"og:image:width\" content=\"609\" \/>\n\t<meta property=\"og:image:height\" content=\"425\" \/>\n\t<meta property=\"og:image:type\" content=\"image\/jpeg\" \/>\n<meta name=\"twitter:card\" content=\"summary_large_image\" \/>\n<meta name=\"twitter:label1\" content=\"Szacowany czas czytania\" \/>\n\t<meta name=\"twitter:data1\" content=\"1 minuta\" \/>\n<script type=\"application\/ld+json\" class=\"yoast-schema-graph\">{\"@context\":\"https:\/\/schema.org\",\"@graph\":[{\"@type\":\"WebPage\",\"@id\":\"https:\/\/centrumpodlog.com\/sklep\/produkt\/tarkett-natural-iq-170-28\/\",\"url\":\"https:\/\/centrumpodlog.com\/sklep\/produkt\/tarkett-natural-iq-170-28\/\",\"name\":\"Tarkett Aqua 100 - Centrum Sprzeda\u017cy Wyk\u0142adzin Przemys\u0142owych\",\"isPartOf\":{\"@id\":\"https:\/\/centrumpodlog.com\/sklep\/#website\"},\"primaryImageOfPage\":{\"@id\":\"https:\/\/centrumpodlog.com\/sklep\/produkt\/tarkett-natural-iq-170-28\/#primaryimage\"},\"image\":{\"@id\":\"https:\/\/centrumpodlog.com\/sklep\/produkt\/tarkett-natural-iq-170-28\/#primaryimage\"},\"thumbnailUrl\":\"https:\/\/centrumpodlog.com\/sklep\/wp-content\/uploads\/2015\/05\/th_3816100_001.jpg\",\"datePublished\":\"2015-05-18T18:57:44+00:00\",\"dateModified\":\"2020-01-27T20:53:41+00:00\",\"breadcrumb\":{\"@id\":\"https:\/\/centrumpodlog.com\/sklep\/produkt\/tarkett-natural-iq-170-28\/#breadcrumb\"},\"inLanguage\":\"pl-PL\",\"potentialAction\":[{\"@type\":\"ReadAction\",\"target\":[\"https:\/\/centrumpodlog.com\/sklep\/produkt\/tarkett-natural-iq-170-28\/\"]}]},{\"@type\":\"ImageObject\",\"inLanguage\":\"pl-PL\",\"@id\":\"https:\/\/centrumpodlog.com\/sklep\/produkt\/tarkett-natural-iq-170-28\/#primaryimage\",\"url\":\"https:\/\/centrumpodlog.com\/sklep\/wp-content\/uploads\/2015\/05\/th_3816100_001.jpg\",\"contentUrl\":\"https:\/\/centrumpodlog.com\/sklep\/wp-content\/uploads\/2015\/05\/th_3816100_001.jpg\",\"width\":609,\"height\":425,\"caption\":\"Tarkett Aqua 100-0\"},{\"@type\":\"BreadcrumbList\",\"@id\":\"https:\/\/centrumpodlog.com\/sklep\/produkt\/tarkett-natural-iq-170-28\/#breadcrumb\",\"itemListElement\":[{\"@type\":\"ListItem\",\"position\":1,\"name\":\"Strona g\u0142\u00f3wna\",\"item\":\"https:\/\/centrumpodlog.com\/sklep\/\"},{\"@type\":\"ListItem\",\"position\":2,\"name\":\"Produkty\",\"item\":\"https:\/\/centrumpodlog.com\/sklep\/shop\/\"},{\"@type\":\"ListItem\",\"position\":3,\"name\":\"Tarkett Aqua 100\"}]},{\"@type\":\"WebSite\",\"@id\":\"https:\/\/centrumpodlog.com\/sklep\/#website\",\"url\":\"https:\/\/centrumpodlog.com\/sklep\/\",\"name\":\"Centrum Sprzeda\u017cy Wyk\u0142adzin Przemys\u0142owych\",\"description\":\"Sklep internetowy Centrum Sprzeda\u017cy Wyk\u0142adzin Przemys\u0142owych\",\"publisher\":{\"@id\":\"https:\/\/centrumpodlog.com\/sklep\/#organization\"},\"potentialAction\":[{\"@type\":\"SearchAction\",\"target\":{\"@type\":\"EntryPoint\",\"urlTemplate\":\"https:\/\/centrumpodlog.com\/sklep\/?s={search_term_string}\"},\"query-input\":{\"@type\":\"PropertyValueSpecification\",\"valueRequired\":true,\"valueName\":\"search_term_string\"}}],\"inLanguage\":\"pl-PL\"},{\"@type\":\"Organization\",\"@id\":\"https:\/\/centrumpodlog.com\/sklep\/#organization\",\"name\":\"Centrum Sprzeda\u017cy Wyk\u0142adzin Przemys\u0142owych\",\"url\":\"https:\/\/centrumpodlog.com\/sklep\/\",\"logo\":{\"@type\":\"ImageObject\",\"inLanguage\":\"pl-PL\",\"@id\":\"https:\/\/centrumpodlog.com\/sklep\/#\/schema\/logo\/image\/\",\"url\":\"https:\/\/centrumpodlog.com\/sklep\/wp-content\/uploads\/2019\/06\/logo.jpg\",\"contentUrl\":\"https:\/\/centrumpodlog.com\/sklep\/wp-content\/uploads\/2019\/06\/logo.jpg\",\"width\":169,\"height\":99,\"caption\":\"Centrum Sprzeda\u017cy Wyk\u0142adzin Przemys\u0142owych\"},\"image\":{\"@id\":\"https:\/\/centrumpodlog.com\/sklep\/#\/schema\/logo\/image\/\"}}]}<\/script>\n<!-- \/ Yoast SEO plugin. -->","yoast_head_json":{"title":"Tarkett Aqua 100 - Centrum Sprzeda\u017cy Wyk\u0142adzin Przemys\u0142owych","robots":{"index":"index","follow":"follow","max-snippet":"max-snippet:-1","max-image-preview":"max-image-preview:large","max-video-preview":"max-video-preview:-1"},"canonical":"https:\/\/centrumpodlog.com\/sklep\/produkt\/tarkett-natural-iq-170-28\/","og_locale":"pl_PL","og_type":"article","og_title":"Tarkett Aqua 100 - Centrum Sprzeda\u017cy Wyk\u0142adzin Przemys\u0142owych","og_description":"Powierzchnia nie\u015bcieralna Safetred Aqua gwarantuje dodatkowy komfort dla bosych st&oacute;p, szczeg&oacute;lnie pod prysznicem. Unikatowa konstrukcja czyni j\u0105 wysoce elastyczn\u0105 i idealn\u0105 do fazowania i montowania na odp\u0142ywach i zag\u0142\u0119bieniach.&hellip; Czytaj wi\u0119cej","og_url":"https:\/\/centrumpodlog.com\/sklep\/produkt\/tarkett-natural-iq-170-28\/","og_site_name":"Centrum Sprzeda\u017cy Wyk\u0142adzin Przemys\u0142owych","article_modified_time":"2020-01-27T20:53:41+00:00","og_image":[{"width":609,"height":425,"url":"https:\/\/centrumpodlog.com\/sklep\/wp-content\/uploads\/2015\/05\/th_3816100_001.jpg","type":"image\/jpeg"}],"twitter_card":"summary_large_image","twitter_misc":{"Szacowany czas czytania":"1 minuta"},"schema":{"@context":"https:\/\/schema.org","@graph":[{"@type":"WebPage","@id":"https:\/\/centrumpodlog.com\/sklep\/produkt\/tarkett-natural-iq-170-28\/","url":"https:\/\/centrumpodlog.com\/sklep\/produkt\/tarkett-natural-iq-170-28\/","name":"Tarkett Aqua 100 - Centrum Sprzeda\u017cy Wyk\u0142adzin Przemys\u0142owych","isPartOf":{"@id":"https:\/\/centrumpodlog.com\/sklep\/#website"},"primaryImageOfPage":{"@id":"https:\/\/centrumpodlog.com\/sklep\/produkt\/tarkett-natural-iq-170-28\/#primaryimage"},"image":{"@id":"https:\/\/centrumpodlog.com\/sklep\/produkt\/tarkett-natural-iq-170-28\/#primaryimage"},"thumbnailUrl":"https:\/\/centrumpodlog.com\/sklep\/wp-content\/uploads\/2015\/05\/th_3816100_001.jpg","datePublished":"2015-05-18T18:57:44+00:00","dateModified":"2020-01-27T20:53:41+00:00","breadcrumb":{"@id":"https:\/\/centrumpodlog.com\/sklep\/produkt\/tarkett-natural-iq-170-28\/#breadcrumb"},"inLanguage":"pl-PL","potentialAction":[{"@type":"ReadAction","target":["https:\/\/centrumpodlog.com\/sklep\/produkt\/tarkett-natural-iq-170-28\/"]}]},{"@type":"ImageObject","inLanguage":"pl-PL","@id":"https:\/\/centrumpodlog.com\/sklep\/produkt\/tarkett-natural-iq-170-28\/#primaryimage","url":"https:\/\/centrumpodlog.com\/sklep\/wp-content\/uploads\/2015\/05\/th_3816100_001.jpg","contentUrl":"https:\/\/centrumpodlog.com\/sklep\/wp-content\/uploads\/2015\/05\/th_3816100_001.jpg","width":609,"height":425,"caption":"Tarkett Aqua 100-0"},{"@type":"BreadcrumbList","@id":"https:\/\/centrumpodlog.com\/sklep\/produkt\/tarkett-natural-iq-170-28\/#breadcrumb","itemListElement":[{"@type":"ListItem","position":1,"name":"Strona g\u0142\u00f3wna","item":"https:\/\/centrumpodlog.com\/sklep\/"},{"@type":"ListItem","position":2,"name":"Produkty","item":"https:\/\/centrumpodlog.com\/sklep\/shop\/"},{"@type":"ListItem","position":3,"name":"Tarkett Aqua 100"}]},{"@type":"WebSite","@id":"https:\/\/centrumpodlog.com\/sklep\/#website","url":"https:\/\/centrumpodlog.com\/sklep\/","name":"Centrum Sprzeda\u017cy Wyk\u0142adzin Przemys\u0142owych","description":"Sklep internetowy Centrum Sprzeda\u017cy Wyk\u0142adzin Przemys\u0142owych","publisher":{"@id":"https:\/\/centrumpodlog.com\/sklep\/#organization"},"potentialAction":[{"@type":"SearchAction","target":{"@type":"EntryPoint","urlTemplate":"https:\/\/centrumpodlog.com\/sklep\/?s={search_term_string}"},"query-input":{"@type":"PropertyValueSpecification","valueRequired":true,"valueName":"search_term_string"}}],"inLanguage":"pl-PL"},{"@type":"Organization","@id":"https:\/\/centrumpodlog.com\/sklep\/#organization","name":"Centrum Sprzeda\u017cy Wyk\u0142adzin Przemys\u0142owych","url":"https:\/\/centrumpodlog.com\/sklep\/","logo":{"@type":"ImageObject","inLanguage":"pl-PL","@id":"https:\/\/centrumpodlog.com\/sklep\/#\/schema\/logo\/image\/","url":"https:\/\/centrumpodlog.com\/sklep\/wp-content\/uploads\/2019\/06\/logo.jpg","contentUrl":"https:\/\/centrumpodlog.com\/sklep\/wp-content\/uploads\/2019\/06\/logo.jpg","width":169,"height":99,"caption":"Centrum Sprzeda\u017cy Wyk\u0142adzin Przemys\u0142owych"},"image":{"@id":"https:\/\/centrumpodlog.com\/sklep\/#\/schema\/logo\/image\/"}}]}},"taxonomy_info":{"product_cat":[{"value":18,"label":"Produkt"},{"value":20,"label":"Wyk\u0142adziny"},{"value":44,"label":"Antypo\u015blizgowe"}]},"featured_image_src_large":["https:\/\/centrumpodlog.com\/sklep\/wp-content\/uploads\/2015\/05\/th_3816100_001.jpg",609,425,false],"author_info":[],"comment_info":"","_links":{"self":[{"href":"https:\/\/centrumpodlog.com\/sklep\/wp-json\/wp\/v2\/product\/428","targetHints":{"allow":["GET"]}}],"collection":[{"href":"https:\/\/centrumpodlog.com\/sklep\/wp-json\/wp\/v2\/product"}],"about":[{"href":"https:\/\/centrumpodlog.com\/sklep\/wp-json\/wp\/v2\/types\/product"}],"wp:featuredmedia":[{"embeddable":true,"href":"https:\/\/centrumpodlog.com\/sklep\/wp-json\/wp\/v2\/media\/427"}],"wp:attachment":[{"href":"https:\/\/centrumpodlog.com\/sklep\/wp-json\/wp\/v2\/media?parent=428"}],"wp:term":[{"taxonomy":"product_brand","embeddable":true,"href":"https:\/\/centrumpodlog.com\/sklep\/wp-json\/wp\/v2\/product_brand?post=428"},{"taxonomy":"product_cat","embeddable":true,"href":"https:\/\/centrumpodlog.com\/sklep\/wp-json\/wp\/v2\/product_cat?post=428"},{"taxonomy":"product_tag","embeddable":true,"href":"https:\/\/centrumpodlog.com\/sklep\/wp-json\/wp\/v2\/product_tag?post=428"}],"curies":[{"name":"wp","href":"https:\/\/api.w.org\/{rel}","templated":true}]}}