{"id":70,"date":"2015-04-30T19:39:46","date_gmt":"2015-04-30T17:39:46","guid":{"rendered":"https:\/\/centrumpodlog.com\/sklep\/produkt\/szlifierka-podlogowa-omega\/"},"modified":"2022-05-23T14:32:15","modified_gmt":"2022-05-23T12:32:15","slug":"szlifierka-podlogowa-omega","status":"publish","type":"product","link":"https:\/\/centrumpodlog.com\/sklep\/produkt\/szlifierka-podlogowa-omega\/","title":{"rendered":"Szlifierka pod\u0142ogowa OMEGA"},"content":{"rendered":"<p style=\"text-align: justify;\">Uniwersalna maszyna do szlifowania betonu, jastrychu,&nbsp;asfaltu, stali i szalunk&oacute;w.&nbsp;R&oacute;\u017cnorodne elementy robocze maszyny umo\u017cliwiaj\u0105 wszechstronne zastosowanie:<\/p>\n<ul style=\"text-align: justify;\">\n<li>szlifowanie betonu, stali, asfaltu<\/li>\n<li>usuwanie farby i innych pow\u0142ok<\/li>\n<li>obr&oacute;bka brzeg&oacute;w w budynkach<\/li>\n<li>uszorstnianie pod\u0142&oacute;g betonowych i jastrych&oacute;w<\/li>\n<li>niewielki ci\u0119\u017car, przy jednocze\u015bnie du\u017cej wydajno\u015bci&nbsp;szlifowania<\/li>\n<li>p\u0142ynne przestawianie po\u0142o\u017cenia uchwytu<\/li>\n<li>maszyn\u0105 mo\u017cna szlifowa\u0107 niemal do samego brzegu pod\u0142ogi&nbsp;(bez kilku milimetr&oacute;w) = nie jest konieczna dodatkowa&nbsp;obr&oacute;bka za pomoc\u0105 szlifierki do obr&oacute;bki brzeg&oacute;w<\/li>\n<\/ul>\n<p><strong>Dane techniczne:<br \/><\/strong><\/p>\n<ul>\n<li>szeroko\u015b\u0107 robocza 290 mm,<\/li>\n<li>3.000 W,<\/li>\n<li>napi\u0119cie 400 V,<\/li>\n<li>50 Hz,&nbsp;<\/li>\n<li>pr\u0119dko\u015b\u0107 obrotowa 1500 obr\/min,&nbsp;<\/li>\n<li>wymiary (wys. x szer. x d\u0142.) 95x75x33 cm,<\/li>\n<li>ci\u0119\u017car 65 kg,&nbsp;<\/li>\n<li>przy\u0142\u0105cze odsysacza 50 mm<\/li>\n<\/ul>\n<p><strong>Zakres dostawy:<br \/><\/strong><\/p>\n<ul>\n<li>szlifierka pod\u0142ogowa Omega,<\/li>\n<li>talerz do mocowania 6&nbsp;segment&oacute;w diamentowych,<\/li>\n<li>ochrona s\u0142uchu,<\/li>\n<li>bez tarcz&nbsp;szlifierskich<\/li>\n<\/ul>\n","protected":false},"excerpt":{"rendered":"<p>Uniwersalna maszyna do szlifowania betonu, jastrychu,&nbsp;asfaltu, stali i szalunk&oacute;w.<\/p>\n<p>&hellip; <a class=\"kt-excerpt-readmore more-link\" href=\"https:\/\/centrumpodlog.com\/sklep\/produkt\/szlifierka-podlogowa-omega\/\" aria-label=\"Szlifierka pod\u0142ogowa OMEGA\">Czytaj wi\u0119cej<\/a><\/p>\n","protected":false},"featured_media":69,"template":"","meta":{"kt_blocks_editor_width":"","_kad_blocks_custom_css":"","_kad_blocks_head_custom_js":"","_kad_blocks_body_custom_js":"","_kad_blocks_footer_custom_js":""},"product_brand":[],"product_cat":[18,23,29],"product_tag":[],"class_list":{"0":"post-70","1":"product","2":"type-product","3":"status-publish","4":"has-post-thumbnail","6":"product_cat-produkt","7":"product_cat-maszyny-i-narzedzia","8":"product_cat-przygotowanie-podlozy","10":"first","11":"outofstock","12":"shipping-taxable","13":"product-type-simple"},"yoast_head":"<!-- This site is optimized with the Yoast SEO plugin v26.8 - https:\/\/yoast.com\/product\/yoast-seo-wordpress\/ -->\n<title>Szlifierka pod\u0142ogowa OMEGA - Centrum Sprzeda\u017cy Wyk\u0142adzin Przemys\u0142owych<\/title>\n<meta name=\"robots\" content=\"index, follow, max-snippet:-1, max-image-preview:large, max-video-preview:-1\" \/>\n<link rel=\"canonical\" href=\"https:\/\/centrumpodlog.com\/sklep\/produkt\/szlifierka-podlogowa-omega\/\" \/>\n<meta property=\"og:locale\" content=\"pl_PL\" \/>\n<meta property=\"og:type\" content=\"article\" \/>\n<meta property=\"og:title\" content=\"Szlifierka pod\u0142ogowa OMEGA - Centrum Sprzeda\u017cy Wyk\u0142adzin Przemys\u0142owych\" \/>\n<meta property=\"og:description\" content=\"Uniwersalna maszyna do szlifowania betonu, jastrychu,&nbsp;asfaltu, stali i szalunk&oacute;w.&hellip; Czytaj wi\u0119cej\" \/>\n<meta property=\"og:url\" content=\"https:\/\/centrumpodlog.com\/sklep\/produkt\/szlifierka-podlogowa-omega\/\" \/>\n<meta property=\"og:site_name\" content=\"Centrum Sprzeda\u017cy Wyk\u0142adzin Przemys\u0142owych\" \/>\n<meta property=\"article:modified_time\" content=\"2022-05-23T12:32:15+00:00\" \/>\n<meta property=\"og:image\" content=\"https:\/\/centrumpodlog.com\/sklep\/wp-content\/uploads\/2015\/04\/83_36555_szlifierk_podlogowa_omega_1000x1000.jpg\" \/>\n\t<meta property=\"og:image:width\" content=\"1000\" \/>\n\t<meta property=\"og:image:height\" content=\"1000\" \/>\n\t<meta property=\"og:image:type\" content=\"image\/jpeg\" \/>\n<meta name=\"twitter:card\" content=\"summary_large_image\" \/>\n<meta name=\"twitter:label1\" content=\"Szacowany czas czytania\" \/>\n\t<meta name=\"twitter:data1\" content=\"1 minuta\" \/>\n<script type=\"application\/ld+json\" class=\"yoast-schema-graph\">{\"@context\":\"https:\/\/schema.org\",\"@graph\":[{\"@type\":\"WebPage\",\"@id\":\"https:\/\/centrumpodlog.com\/sklep\/produkt\/szlifierka-podlogowa-omega\/\",\"url\":\"https:\/\/centrumpodlog.com\/sklep\/produkt\/szlifierka-podlogowa-omega\/\",\"name\":\"Szlifierka pod\u0142ogowa OMEGA - Centrum Sprzeda\u017cy Wyk\u0142adzin Przemys\u0142owych\",\"isPartOf\":{\"@id\":\"https:\/\/centrumpodlog.com\/sklep\/#website\"},\"primaryImageOfPage\":{\"@id\":\"https:\/\/centrumpodlog.com\/sklep\/produkt\/szlifierka-podlogowa-omega\/#primaryimage\"},\"image\":{\"@id\":\"https:\/\/centrumpodlog.com\/sklep\/produkt\/szlifierka-podlogowa-omega\/#primaryimage\"},\"thumbnailUrl\":\"https:\/\/centrumpodlog.com\/sklep\/wp-content\/uploads\/2015\/04\/83_36555_szlifierk_podlogowa_omega_1000x1000.jpg\",\"datePublished\":\"2015-04-30T17:39:46+00:00\",\"dateModified\":\"2022-05-23T12:32:15+00:00\",\"breadcrumb\":{\"@id\":\"https:\/\/centrumpodlog.com\/sklep\/produkt\/szlifierka-podlogowa-omega\/#breadcrumb\"},\"inLanguage\":\"pl-PL\",\"potentialAction\":[{\"@type\":\"ReadAction\",\"target\":[\"https:\/\/centrumpodlog.com\/sklep\/produkt\/szlifierka-podlogowa-omega\/\"]}]},{\"@type\":\"ImageObject\",\"inLanguage\":\"pl-PL\",\"@id\":\"https:\/\/centrumpodlog.com\/sklep\/produkt\/szlifierka-podlogowa-omega\/#primaryimage\",\"url\":\"https:\/\/centrumpodlog.com\/sklep\/wp-content\/uploads\/2015\/04\/83_36555_szlifierk_podlogowa_omega_1000x1000.jpg\",\"contentUrl\":\"https:\/\/centrumpodlog.com\/sklep\/wp-content\/uploads\/2015\/04\/83_36555_szlifierk_podlogowa_omega_1000x1000.jpg\",\"width\":1000,\"height\":1000,\"caption\":\"Szlifierka pod\u0142ogowa OMEGA-0\"},{\"@type\":\"BreadcrumbList\",\"@id\":\"https:\/\/centrumpodlog.com\/sklep\/produkt\/szlifierka-podlogowa-omega\/#breadcrumb\",\"itemListElement\":[{\"@type\":\"ListItem\",\"position\":1,\"name\":\"Strona g\u0142\u00f3wna\",\"item\":\"https:\/\/centrumpodlog.com\/sklep\/\"},{\"@type\":\"ListItem\",\"position\":2,\"name\":\"Produkty\",\"item\":\"https:\/\/centrumpodlog.com\/sklep\/shop\/\"},{\"@type\":\"ListItem\",\"position\":3,\"name\":\"Szlifierka pod\u0142ogowa OMEGA\"}]},{\"@type\":\"WebSite\",\"@id\":\"https:\/\/centrumpodlog.com\/sklep\/#website\",\"url\":\"https:\/\/centrumpodlog.com\/sklep\/\",\"name\":\"Centrum Sprzeda\u017cy Wyk\u0142adzin Przemys\u0142owych\",\"description\":\"Sklep internetowy Centrum Sprzeda\u017cy Wyk\u0142adzin Przemys\u0142owych\",\"publisher\":{\"@id\":\"https:\/\/centrumpodlog.com\/sklep\/#organization\"},\"potentialAction\":[{\"@type\":\"SearchAction\",\"target\":{\"@type\":\"EntryPoint\",\"urlTemplate\":\"https:\/\/centrumpodlog.com\/sklep\/?s={search_term_string}\"},\"query-input\":{\"@type\":\"PropertyValueSpecification\",\"valueRequired\":true,\"valueName\":\"search_term_string\"}}],\"inLanguage\":\"pl-PL\"},{\"@type\":\"Organization\",\"@id\":\"https:\/\/centrumpodlog.com\/sklep\/#organization\",\"name\":\"Centrum Sprzeda\u017cy Wyk\u0142adzin Przemys\u0142owych\",\"url\":\"https:\/\/centrumpodlog.com\/sklep\/\",\"logo\":{\"@type\":\"ImageObject\",\"inLanguage\":\"pl-PL\",\"@id\":\"https:\/\/centrumpodlog.com\/sklep\/#\/schema\/logo\/image\/\",\"url\":\"https:\/\/centrumpodlog.com\/sklep\/wp-content\/uploads\/2019\/06\/logo.jpg\",\"contentUrl\":\"https:\/\/centrumpodlog.com\/sklep\/wp-content\/uploads\/2019\/06\/logo.jpg\",\"width\":169,\"height\":99,\"caption\":\"Centrum Sprzeda\u017cy Wyk\u0142adzin Przemys\u0142owych\"},\"image\":{\"@id\":\"https:\/\/centrumpodlog.com\/sklep\/#\/schema\/logo\/image\/\"}}]}<\/script>\n<!-- \/ Yoast SEO plugin. -->","yoast_head_json":{"title":"Szlifierka pod\u0142ogowa OMEGA - Centrum Sprzeda\u017cy Wyk\u0142adzin Przemys\u0142owych","robots":{"index":"index","follow":"follow","max-snippet":"max-snippet:-1","max-image-preview":"max-image-preview:large","max-video-preview":"max-video-preview:-1"},"canonical":"https:\/\/centrumpodlog.com\/sklep\/produkt\/szlifierka-podlogowa-omega\/","og_locale":"pl_PL","og_type":"article","og_title":"Szlifierka pod\u0142ogowa OMEGA - Centrum Sprzeda\u017cy Wyk\u0142adzin Przemys\u0142owych","og_description":"Uniwersalna maszyna do szlifowania betonu, jastrychu,&nbsp;asfaltu, stali i szalunk&oacute;w.&hellip; Czytaj wi\u0119cej","og_url":"https:\/\/centrumpodlog.com\/sklep\/produkt\/szlifierka-podlogowa-omega\/","og_site_name":"Centrum Sprzeda\u017cy Wyk\u0142adzin Przemys\u0142owych","article_modified_time":"2022-05-23T12:32:15+00:00","og_image":[{"width":1000,"height":1000,"url":"https:\/\/centrumpodlog.com\/sklep\/wp-content\/uploads\/2015\/04\/83_36555_szlifierk_podlogowa_omega_1000x1000.jpg","type":"image\/jpeg"}],"twitter_card":"summary_large_image","twitter_misc":{"Szacowany czas czytania":"1 minuta"},"schema":{"@context":"https:\/\/schema.org","@graph":[{"@type":"WebPage","@id":"https:\/\/centrumpodlog.com\/sklep\/produkt\/szlifierka-podlogowa-omega\/","url":"https:\/\/centrumpodlog.com\/sklep\/produkt\/szlifierka-podlogowa-omega\/","name":"Szlifierka pod\u0142ogowa OMEGA - Centrum Sprzeda\u017cy Wyk\u0142adzin Przemys\u0142owych","isPartOf":{"@id":"https:\/\/centrumpodlog.com\/sklep\/#website"},"primaryImageOfPage":{"@id":"https:\/\/centrumpodlog.com\/sklep\/produkt\/szlifierka-podlogowa-omega\/#primaryimage"},"image":{"@id":"https:\/\/centrumpodlog.com\/sklep\/produkt\/szlifierka-podlogowa-omega\/#primaryimage"},"thumbnailUrl":"https:\/\/centrumpodlog.com\/sklep\/wp-content\/uploads\/2015\/04\/83_36555_szlifierk_podlogowa_omega_1000x1000.jpg","datePublished":"2015-04-30T17:39:46+00:00","dateModified":"2022-05-23T12:32:15+00:00","breadcrumb":{"@id":"https:\/\/centrumpodlog.com\/sklep\/produkt\/szlifierka-podlogowa-omega\/#breadcrumb"},"inLanguage":"pl-PL","potentialAction":[{"@type":"ReadAction","target":["https:\/\/centrumpodlog.com\/sklep\/produkt\/szlifierka-podlogowa-omega\/"]}]},{"@type":"ImageObject","inLanguage":"pl-PL","@id":"https:\/\/centrumpodlog.com\/sklep\/produkt\/szlifierka-podlogowa-omega\/#primaryimage","url":"https:\/\/centrumpodlog.com\/sklep\/wp-content\/uploads\/2015\/04\/83_36555_szlifierk_podlogowa_omega_1000x1000.jpg","contentUrl":"https:\/\/centrumpodlog.com\/sklep\/wp-content\/uploads\/2015\/04\/83_36555_szlifierk_podlogowa_omega_1000x1000.jpg","width":1000,"height":1000,"caption":"Szlifierka pod\u0142ogowa OMEGA-0"},{"@type":"BreadcrumbList","@id":"https:\/\/centrumpodlog.com\/sklep\/produkt\/szlifierka-podlogowa-omega\/#breadcrumb","itemListElement":[{"@type":"ListItem","position":1,"name":"Strona g\u0142\u00f3wna","item":"https:\/\/centrumpodlog.com\/sklep\/"},{"@type":"ListItem","position":2,"name":"Produkty","item":"https:\/\/centrumpodlog.com\/sklep\/shop\/"},{"@type":"ListItem","position":3,"name":"Szlifierka pod\u0142ogowa OMEGA"}]},{"@type":"WebSite","@id":"https:\/\/centrumpodlog.com\/sklep\/#website","url":"https:\/\/centrumpodlog.com\/sklep\/","name":"Centrum Sprzeda\u017cy Wyk\u0142adzin Przemys\u0142owych","description":"Sklep internetowy Centrum Sprzeda\u017cy Wyk\u0142adzin Przemys\u0142owych","publisher":{"@id":"https:\/\/centrumpodlog.com\/sklep\/#organization"},"potentialAction":[{"@type":"SearchAction","target":{"@type":"EntryPoint","urlTemplate":"https:\/\/centrumpodlog.com\/sklep\/?s={search_term_string}"},"query-input":{"@type":"PropertyValueSpecification","valueRequired":true,"valueName":"search_term_string"}}],"inLanguage":"pl-PL"},{"@type":"Organization","@id":"https:\/\/centrumpodlog.com\/sklep\/#organization","name":"Centrum Sprzeda\u017cy Wyk\u0142adzin Przemys\u0142owych","url":"https:\/\/centrumpodlog.com\/sklep\/","logo":{"@type":"ImageObject","inLanguage":"pl-PL","@id":"https:\/\/centrumpodlog.com\/sklep\/#\/schema\/logo\/image\/","url":"https:\/\/centrumpodlog.com\/sklep\/wp-content\/uploads\/2019\/06\/logo.jpg","contentUrl":"https:\/\/centrumpodlog.com\/sklep\/wp-content\/uploads\/2019\/06\/logo.jpg","width":169,"height":99,"caption":"Centrum Sprzeda\u017cy Wyk\u0142adzin Przemys\u0142owych"},"image":{"@id":"https:\/\/centrumpodlog.com\/sklep\/#\/schema\/logo\/image\/"}}]}},"taxonomy_info":{"product_cat":[{"value":18,"label":"Produkt"},{"value":23,"label":"Maszyny i narz\u0119dzia"},{"value":29,"label":"Przygotowanie pod\u0142o\u017cy"}]},"featured_image_src_large":["https:\/\/centrumpodlog.com\/sklep\/wp-content\/uploads\/2015\/04\/83_36555_szlifierk_podlogowa_omega_1000x1000.jpg",1000,1000,false],"author_info":[],"comment_info":"","_links":{"self":[{"href":"https:\/\/centrumpodlog.com\/sklep\/wp-json\/wp\/v2\/product\/70","targetHints":{"allow":["GET"]}}],"collection":[{"href":"https:\/\/centrumpodlog.com\/sklep\/wp-json\/wp\/v2\/product"}],"about":[{"href":"https:\/\/centrumpodlog.com\/sklep\/wp-json\/wp\/v2\/types\/product"}],"wp:featuredmedia":[{"embeddable":true,"href":"https:\/\/centrumpodlog.com\/sklep\/wp-json\/wp\/v2\/media\/69"}],"wp:attachment":[{"href":"https:\/\/centrumpodlog.com\/sklep\/wp-json\/wp\/v2\/media?parent=70"}],"wp:term":[{"taxonomy":"product_brand","embeddable":true,"href":"https:\/\/centrumpodlog.com\/sklep\/wp-json\/wp\/v2\/product_brand?post=70"},{"taxonomy":"product_cat","embeddable":true,"href":"https:\/\/centrumpodlog.com\/sklep\/wp-json\/wp\/v2\/product_cat?post=70"},{"taxonomy":"product_tag","embeddable":true,"href":"https:\/\/centrumpodlog.com\/sklep\/wp-json\/wp\/v2\/product_tag?post=70"}],"curies":[{"name":"wp","href":"https:\/\/api.w.org\/{rel}","templated":true}]}}