{"id":74,"date":"2015-04-30T19:56:43","date_gmt":"2015-04-30T17:56:43","guid":{"rendered":"https:\/\/centrumpodlog.com\/sklep\/produkt\/frezarka-ct-200\/"},"modified":"2022-05-23T14:32:33","modified_gmt":"2022-05-23T12:32:33","slug":"frezarka-ct-200","status":"publish","type":"product","link":"https:\/\/centrumpodlog.com\/sklep\/produkt\/frezarka-ct-200\/","title":{"rendered":"Frezarka CT 200"},"content":{"rendered":"<p><strong>Frezarka pod\u0142ogowa o szerokim spektrum zastosowa\u0144:<\/strong><\/p>\n<ul>\n<li>zastosowanie: od czyszczenia a\u017c po intensywne frezowanie&nbsp;<\/li>\n<li>por\u0119czna, kompaktowa maszyna do ci\u0119\u017ckich prac<\/li>\n<li>p\u0142ynna, precyzyjna regulacja g\u0142\u0119boko\u015bci frezowania<\/li>\n<li>ograniczone pylenie dzi\u0119ki przy\u0142\u0105czeniu odkurzacza przemys\u0142owego<\/li>\n<\/ul>\n<p><strong>Dane techniczne:<br \/><\/strong><\/p>\n<ul>\n<li>Szeroko\u015b\u0107 robocza 200 mm,<\/li>\n<li>napi\u0119cie 230 V, 2,2 kW,<\/li>\n<li>wymiary 97 x 80 x 36 cm (wys. x d\u0142. x szer.),<\/li>\n<li>ci\u0119\u017car 52 kg,<\/li>\n<li>wydajno\u015b\u0107 frezowania 10-30 m2\/h (znacznie uzale\u017cniona od w\u0142a\u015bciwo\u015bci pod\u0142o\u017ca,rodzaju zastosowanego frezu i g\u0142\u0119boko\u015bci posuwu),<\/li>\n<li>przy\u0142\u0105cze do odsysacza 50 mm<\/li>\n<\/ul>\n<p><strong>Zakres dostawy:<br \/><\/strong><\/p>\n<ul>\n<li>Frezarka pod\u0142ogowa CT 200,<\/li>\n<li>ochrona s\u0142uchu,<\/li>\n<li>okulary ochronne,<strong>&nbsp;<\/strong><\/li>\n<li><strong>bez b\u0119bna <br \/><\/strong><\/li>\n<\/ul>\n","protected":false},"excerpt":{"rendered":"<p>Frezarka pod\u0142ogowa o szerokim spektrum zastosowa\u0144.<\/p>\n<p>&hellip; <a class=\"kt-excerpt-readmore more-link\" href=\"https:\/\/centrumpodlog.com\/sklep\/produkt\/frezarka-ct-200\/\" aria-label=\"Frezarka CT 200\">Czytaj wi\u0119cej<\/a><\/p>\n","protected":false},"featured_media":73,"template":"","meta":{"kt_blocks_editor_width":"","_kad_blocks_custom_css":"","_kad_blocks_head_custom_js":"","_kad_blocks_body_custom_js":"","_kad_blocks_footer_custom_js":""},"product_brand":[],"product_cat":[18,23,29],"product_tag":[],"class_list":{"0":"post-74","1":"product","2":"type-product","3":"status-publish","4":"has-post-thumbnail","6":"product_cat-produkt","7":"product_cat-maszyny-i-narzedzia","8":"product_cat-przygotowanie-podlozy","10":"first","11":"outofstock","12":"shipping-taxable","13":"product-type-simple"},"yoast_head":"<!-- This site is optimized with the Yoast SEO plugin v26.8 - https:\/\/yoast.com\/product\/yoast-seo-wordpress\/ -->\n<title>Frezarka CT 200 - Centrum Sprzeda\u017cy Wyk\u0142adzin Przemys\u0142owych<\/title>\n<meta name=\"robots\" content=\"index, follow, max-snippet:-1, max-image-preview:large, max-video-preview:-1\" \/>\n<link rel=\"canonical\" href=\"https:\/\/centrumpodlog.com\/sklep\/produkt\/frezarka-ct-200\/\" \/>\n<meta property=\"og:locale\" content=\"pl_PL\" \/>\n<meta property=\"og:type\" content=\"article\" \/>\n<meta property=\"og:title\" content=\"Frezarka CT 200 - Centrum Sprzeda\u017cy Wyk\u0142adzin Przemys\u0142owych\" \/>\n<meta property=\"og:description\" content=\"Frezarka pod\u0142ogowa o szerokim spektrum zastosowa\u0144.&hellip; Czytaj wi\u0119cej\" \/>\n<meta property=\"og:url\" content=\"https:\/\/centrumpodlog.com\/sklep\/produkt\/frezarka-ct-200\/\" \/>\n<meta property=\"og:site_name\" content=\"Centrum Sprzeda\u017cy Wyk\u0142adzin Przemys\u0142owych\" \/>\n<meta property=\"article:modified_time\" content=\"2022-05-23T12:32:33+00:00\" \/>\n<meta property=\"og:image\" content=\"https:\/\/centrumpodlog.com\/sklep\/wp-content\/uploads\/2015\/04\/85_13641_frezarka_ct_200_1000x1200.jpg\" \/>\n\t<meta property=\"og:image:width\" content=\"1000\" \/>\n\t<meta property=\"og:image:height\" content=\"1200\" \/>\n\t<meta property=\"og:image:type\" content=\"image\/jpeg\" \/>\n<meta name=\"twitter:card\" content=\"summary_large_image\" \/>\n<meta name=\"twitter:label1\" content=\"Szacowany czas czytania\" \/>\n\t<meta name=\"twitter:data1\" content=\"1 minuta\" \/>\n<script type=\"application\/ld+json\" class=\"yoast-schema-graph\">{\"@context\":\"https:\/\/schema.org\",\"@graph\":[{\"@type\":\"WebPage\",\"@id\":\"https:\/\/centrumpodlog.com\/sklep\/produkt\/frezarka-ct-200\/\",\"url\":\"https:\/\/centrumpodlog.com\/sklep\/produkt\/frezarka-ct-200\/\",\"name\":\"Frezarka CT 200 - Centrum Sprzeda\u017cy Wyk\u0142adzin Przemys\u0142owych\",\"isPartOf\":{\"@id\":\"https:\/\/centrumpodlog.com\/sklep\/#website\"},\"primaryImageOfPage\":{\"@id\":\"https:\/\/centrumpodlog.com\/sklep\/produkt\/frezarka-ct-200\/#primaryimage\"},\"image\":{\"@id\":\"https:\/\/centrumpodlog.com\/sklep\/produkt\/frezarka-ct-200\/#primaryimage\"},\"thumbnailUrl\":\"https:\/\/centrumpodlog.com\/sklep\/wp-content\/uploads\/2015\/04\/85_13641_frezarka_ct_200_1000x1200.jpg\",\"datePublished\":\"2015-04-30T17:56:43+00:00\",\"dateModified\":\"2022-05-23T12:32:33+00:00\",\"breadcrumb\":{\"@id\":\"https:\/\/centrumpodlog.com\/sklep\/produkt\/frezarka-ct-200\/#breadcrumb\"},\"inLanguage\":\"pl-PL\",\"potentialAction\":[{\"@type\":\"ReadAction\",\"target\":[\"https:\/\/centrumpodlog.com\/sklep\/produkt\/frezarka-ct-200\/\"]}]},{\"@type\":\"ImageObject\",\"inLanguage\":\"pl-PL\",\"@id\":\"https:\/\/centrumpodlog.com\/sklep\/produkt\/frezarka-ct-200\/#primaryimage\",\"url\":\"https:\/\/centrumpodlog.com\/sklep\/wp-content\/uploads\/2015\/04\/85_13641_frezarka_ct_200_1000x1200.jpg\",\"contentUrl\":\"https:\/\/centrumpodlog.com\/sklep\/wp-content\/uploads\/2015\/04\/85_13641_frezarka_ct_200_1000x1200.jpg\",\"width\":1000,\"height\":1200,\"caption\":\"Frezarka CT 200-0\"},{\"@type\":\"BreadcrumbList\",\"@id\":\"https:\/\/centrumpodlog.com\/sklep\/produkt\/frezarka-ct-200\/#breadcrumb\",\"itemListElement\":[{\"@type\":\"ListItem\",\"position\":1,\"name\":\"Strona g\u0142\u00f3wna\",\"item\":\"https:\/\/centrumpodlog.com\/sklep\/\"},{\"@type\":\"ListItem\",\"position\":2,\"name\":\"Produkty\",\"item\":\"https:\/\/centrumpodlog.com\/sklep\/shop\/\"},{\"@type\":\"ListItem\",\"position\":3,\"name\":\"Frezarka CT 200\"}]},{\"@type\":\"WebSite\",\"@id\":\"https:\/\/centrumpodlog.com\/sklep\/#website\",\"url\":\"https:\/\/centrumpodlog.com\/sklep\/\",\"name\":\"Centrum Sprzeda\u017cy Wyk\u0142adzin Przemys\u0142owych\",\"description\":\"Sklep internetowy Centrum Sprzeda\u017cy Wyk\u0142adzin Przemys\u0142owych\",\"publisher\":{\"@id\":\"https:\/\/centrumpodlog.com\/sklep\/#organization\"},\"potentialAction\":[{\"@type\":\"SearchAction\",\"target\":{\"@type\":\"EntryPoint\",\"urlTemplate\":\"https:\/\/centrumpodlog.com\/sklep\/?s={search_term_string}\"},\"query-input\":{\"@type\":\"PropertyValueSpecification\",\"valueRequired\":true,\"valueName\":\"search_term_string\"}}],\"inLanguage\":\"pl-PL\"},{\"@type\":\"Organization\",\"@id\":\"https:\/\/centrumpodlog.com\/sklep\/#organization\",\"name\":\"Centrum Sprzeda\u017cy Wyk\u0142adzin Przemys\u0142owych\",\"url\":\"https:\/\/centrumpodlog.com\/sklep\/\",\"logo\":{\"@type\":\"ImageObject\",\"inLanguage\":\"pl-PL\",\"@id\":\"https:\/\/centrumpodlog.com\/sklep\/#\/schema\/logo\/image\/\",\"url\":\"https:\/\/centrumpodlog.com\/sklep\/wp-content\/uploads\/2019\/06\/logo.jpg\",\"contentUrl\":\"https:\/\/centrumpodlog.com\/sklep\/wp-content\/uploads\/2019\/06\/logo.jpg\",\"width\":169,\"height\":99,\"caption\":\"Centrum Sprzeda\u017cy Wyk\u0142adzin Przemys\u0142owych\"},\"image\":{\"@id\":\"https:\/\/centrumpodlog.com\/sklep\/#\/schema\/logo\/image\/\"}}]}<\/script>\n<!-- \/ Yoast SEO plugin. -->","yoast_head_json":{"title":"Frezarka CT 200 - Centrum Sprzeda\u017cy Wyk\u0142adzin Przemys\u0142owych","robots":{"index":"index","follow":"follow","max-snippet":"max-snippet:-1","max-image-preview":"max-image-preview:large","max-video-preview":"max-video-preview:-1"},"canonical":"https:\/\/centrumpodlog.com\/sklep\/produkt\/frezarka-ct-200\/","og_locale":"pl_PL","og_type":"article","og_title":"Frezarka CT 200 - Centrum Sprzeda\u017cy Wyk\u0142adzin Przemys\u0142owych","og_description":"Frezarka pod\u0142ogowa o szerokim spektrum zastosowa\u0144.&hellip; Czytaj wi\u0119cej","og_url":"https:\/\/centrumpodlog.com\/sklep\/produkt\/frezarka-ct-200\/","og_site_name":"Centrum Sprzeda\u017cy Wyk\u0142adzin Przemys\u0142owych","article_modified_time":"2022-05-23T12:32:33+00:00","og_image":[{"width":1000,"height":1200,"url":"https:\/\/centrumpodlog.com\/sklep\/wp-content\/uploads\/2015\/04\/85_13641_frezarka_ct_200_1000x1200.jpg","type":"image\/jpeg"}],"twitter_card":"summary_large_image","twitter_misc":{"Szacowany czas czytania":"1 minuta"},"schema":{"@context":"https:\/\/schema.org","@graph":[{"@type":"WebPage","@id":"https:\/\/centrumpodlog.com\/sklep\/produkt\/frezarka-ct-200\/","url":"https:\/\/centrumpodlog.com\/sklep\/produkt\/frezarka-ct-200\/","name":"Frezarka CT 200 - Centrum Sprzeda\u017cy Wyk\u0142adzin Przemys\u0142owych","isPartOf":{"@id":"https:\/\/centrumpodlog.com\/sklep\/#website"},"primaryImageOfPage":{"@id":"https:\/\/centrumpodlog.com\/sklep\/produkt\/frezarka-ct-200\/#primaryimage"},"image":{"@id":"https:\/\/centrumpodlog.com\/sklep\/produkt\/frezarka-ct-200\/#primaryimage"},"thumbnailUrl":"https:\/\/centrumpodlog.com\/sklep\/wp-content\/uploads\/2015\/04\/85_13641_frezarka_ct_200_1000x1200.jpg","datePublished":"2015-04-30T17:56:43+00:00","dateModified":"2022-05-23T12:32:33+00:00","breadcrumb":{"@id":"https:\/\/centrumpodlog.com\/sklep\/produkt\/frezarka-ct-200\/#breadcrumb"},"inLanguage":"pl-PL","potentialAction":[{"@type":"ReadAction","target":["https:\/\/centrumpodlog.com\/sklep\/produkt\/frezarka-ct-200\/"]}]},{"@type":"ImageObject","inLanguage":"pl-PL","@id":"https:\/\/centrumpodlog.com\/sklep\/produkt\/frezarka-ct-200\/#primaryimage","url":"https:\/\/centrumpodlog.com\/sklep\/wp-content\/uploads\/2015\/04\/85_13641_frezarka_ct_200_1000x1200.jpg","contentUrl":"https:\/\/centrumpodlog.com\/sklep\/wp-content\/uploads\/2015\/04\/85_13641_frezarka_ct_200_1000x1200.jpg","width":1000,"height":1200,"caption":"Frezarka CT 200-0"},{"@type":"BreadcrumbList","@id":"https:\/\/centrumpodlog.com\/sklep\/produkt\/frezarka-ct-200\/#breadcrumb","itemListElement":[{"@type":"ListItem","position":1,"name":"Strona g\u0142\u00f3wna","item":"https:\/\/centrumpodlog.com\/sklep\/"},{"@type":"ListItem","position":2,"name":"Produkty","item":"https:\/\/centrumpodlog.com\/sklep\/shop\/"},{"@type":"ListItem","position":3,"name":"Frezarka CT 200"}]},{"@type":"WebSite","@id":"https:\/\/centrumpodlog.com\/sklep\/#website","url":"https:\/\/centrumpodlog.com\/sklep\/","name":"Centrum Sprzeda\u017cy Wyk\u0142adzin Przemys\u0142owych","description":"Sklep internetowy Centrum Sprzeda\u017cy Wyk\u0142adzin Przemys\u0142owych","publisher":{"@id":"https:\/\/centrumpodlog.com\/sklep\/#organization"},"potentialAction":[{"@type":"SearchAction","target":{"@type":"EntryPoint","urlTemplate":"https:\/\/centrumpodlog.com\/sklep\/?s={search_term_string}"},"query-input":{"@type":"PropertyValueSpecification","valueRequired":true,"valueName":"search_term_string"}}],"inLanguage":"pl-PL"},{"@type":"Organization","@id":"https:\/\/centrumpodlog.com\/sklep\/#organization","name":"Centrum Sprzeda\u017cy Wyk\u0142adzin Przemys\u0142owych","url":"https:\/\/centrumpodlog.com\/sklep\/","logo":{"@type":"ImageObject","inLanguage":"pl-PL","@id":"https:\/\/centrumpodlog.com\/sklep\/#\/schema\/logo\/image\/","url":"https:\/\/centrumpodlog.com\/sklep\/wp-content\/uploads\/2019\/06\/logo.jpg","contentUrl":"https:\/\/centrumpodlog.com\/sklep\/wp-content\/uploads\/2019\/06\/logo.jpg","width":169,"height":99,"caption":"Centrum Sprzeda\u017cy Wyk\u0142adzin Przemys\u0142owych"},"image":{"@id":"https:\/\/centrumpodlog.com\/sklep\/#\/schema\/logo\/image\/"}}]}},"taxonomy_info":{"product_cat":[{"value":18,"label":"Produkt"},{"value":23,"label":"Maszyny i narz\u0119dzia"},{"value":29,"label":"Przygotowanie pod\u0142o\u017cy"}]},"featured_image_src_large":["https:\/\/centrumpodlog.com\/sklep\/wp-content\/uploads\/2015\/04\/85_13641_frezarka_ct_200_1000x1200-853x1024.jpg",853,1024,true],"author_info":[],"comment_info":"","_links":{"self":[{"href":"https:\/\/centrumpodlog.com\/sklep\/wp-json\/wp\/v2\/product\/74","targetHints":{"allow":["GET"]}}],"collection":[{"href":"https:\/\/centrumpodlog.com\/sklep\/wp-json\/wp\/v2\/product"}],"about":[{"href":"https:\/\/centrumpodlog.com\/sklep\/wp-json\/wp\/v2\/types\/product"}],"wp:featuredmedia":[{"embeddable":true,"href":"https:\/\/centrumpodlog.com\/sklep\/wp-json\/wp\/v2\/media\/73"}],"wp:attachment":[{"href":"https:\/\/centrumpodlog.com\/sklep\/wp-json\/wp\/v2\/media?parent=74"}],"wp:term":[{"taxonomy":"product_brand","embeddable":true,"href":"https:\/\/centrumpodlog.com\/sklep\/wp-json\/wp\/v2\/product_brand?post=74"},{"taxonomy":"product_cat","embeddable":true,"href":"https:\/\/centrumpodlog.com\/sklep\/wp-json\/wp\/v2\/product_cat?post=74"},{"taxonomy":"product_tag","embeddable":true,"href":"https:\/\/centrumpodlog.com\/sklep\/wp-json\/wp\/v2\/product_tag?post=74"}],"curies":[{"name":"wp","href":"https:\/\/api.w.org\/{rel}","templated":true}]}}